{"id":4813,"date":"2024-02-08T15:49:01","date_gmt":"2024-02-08T15:49:01","guid":{"rendered":"https:\/\/argentinatrails.com\/fra\/?page_id=4813"},"modified":"2024-02-08T15:53:35","modified_gmt":"2024-02-08T15:53:35","slug":"mont-mercedario","status":"publish","type":"page","link":"https:\/\/argentinatrails.com\/fra\/mont-mercedario\/","title":{"rendered":"Mont Mercedario"},"content":{"rendered":"<p>[vc_row anchor=\u00a0\u00bbbrief-history\u00a0\u00bb css=\u00a0\u00bb.vc_custom_1691500473051{margin-bottom: 40px !important;border-right-width: 65px !important;border-left-width: 65px !important;background-position: center !important;background-repeat: no-repeat !important;background-size: cover !important;}\u00a0\u00bb][vc_column]<div class=\"mkdf-clients-carousel-holder mkdf-cc-hover-switch-images\">\n\t<div class=\"mkdf-cc-inner mkdf-owl-slider\" data-number-of-items=\"3\" data-enable-loop=\"yes\" data-enable-autoplay=\"yes\" data-slider-speed=\"5000\" data-slider-speed-animation=\"600\" data-enable-navigation=\"yes\" data-enable-pagination=\"no\">\n\t\t<div class=\"mkdf-cc-item mkdf-item-space mkdf-cci-no-link\">\n\t\t\t\t\t\t<img decoding=\"async\" itemprop=\"image\" class=\"mkdf-cc-image\" src=\"https:\/\/argentinatrails.com\/fra\/wp-content\/uploads\/2024\/02\/WhatsApp-Image-2024-02-08-at-10j-e1707407425944.png\" alt=\"\" \/>\n\t\t\t\t\t\t\t<img decoding=\"async\" itemprop=\"image\" class=\"mkdf-cc-hover-image\" src=\"https:\/\/argentinatrails.com\/fra\/wp-content\/uploads\/2024\/02\/WhatsApp-Image-2024-02-08-at-10j-e1707407425944.png\" alt=\"\" \/>\n\t\t\t<\/div><div class=\"mkdf-cc-item mkdf-item-space mkdf-cci-no-link\">\n\t\t\t\t\t\t<img decoding=\"async\" itemprop=\"image\" class=\"mkdf-cc-image\" src=\"https:\/\/argentinatrails.com\/fra\/wp-content\/uploads\/2024\/02\/WhatsApp-Image-2024-02-08-at-10-3-e1707407476134.png\" alt=\"\" \/>\n\t\t\t\t\t\t\t<img decoding=\"async\" itemprop=\"image\" class=\"mkdf-cc-hover-image\" src=\"https:\/\/argentinatrails.com\/fra\/wp-content\/uploads\/2024\/02\/WhatsApp-Image-2024-02-08-at-10-3-e1707407476134.png\" alt=\"\" \/>\n\t\t\t<\/div><div class=\"mkdf-cc-item mkdf-item-space mkdf-cci-no-link\">\n\t\t\t\t\t\t<img decoding=\"async\" itemprop=\"image\" class=\"mkdf-cc-image\" src=\"https:\/\/argentinatrails.com\/fra\/wp-content\/uploads\/2024\/02\/WhatsApp-Image-2024-02-08-at-10-1-e1707407527255.png\" alt=\"\" \/>\n\t\t\t\t\t\t\t<img decoding=\"async\" itemprop=\"image\" class=\"mkdf-cc-hover-image\" src=\"https:\/\/argentinatrails.com\/fra\/wp-content\/uploads\/2024\/02\/WhatsApp-Image-2024-02-08-at-10-1-e1707407527255.png\" alt=\"\" \/>\n\t\t\t<\/div><div class=\"mkdf-cc-item mkdf-item-space mkdf-cci-no-link\">\n\t\t\t\t\t\t<img decoding=\"async\" itemprop=\"image\" class=\"mkdf-cc-image\" src=\"https:\/\/argentinatrails.com\/fra\/wp-content\/uploads\/2024\/02\/WhatsApp-Image-2024-02-08-at-10-2-e1707407590509.png\" alt=\"\" \/>\n\t\t\t\t\t\t\t<img decoding=\"async\" itemprop=\"image\" class=\"mkdf-cc-hover-image\" src=\"https:\/\/argentinatrails.com\/fra\/wp-content\/uploads\/2024\/02\/WhatsApp-Image-2024-02-08-at-10-2-e1707407590509.png\" alt=\"\" \/>\n\t\t\t<\/div>\t<\/div>\n<\/div>[\/vc_column][\/vc_row][vc_row anchor=\u00a0\u00bbbrief-history\u00a0\u00bb][vc_column][vc_row_inner][vc_column_inner width=\u00a0\u00bb1\/2&Prime;]<div class=\"mkdf-section-title-holder  \" >\n\t<div class=\"mkdf-st-inner\">\n\t\t\t\t\t\t\t<h3 class=\"mkdf-st-title\" >\n                            MONT MERCEDARIO            \t\t\t<\/h3>\n\t\t\t\t\t\t\t<\/div>\n<\/div>[\/vc_column_inner][vc_column_inner width=\u00a0\u00bb1\/2&Prime;][vc_column_text]<\/p>\n<p style=\"text-align: right; font-size: larger; font-style: italic;\"><strong>\u00cates-vous pr\u00eat \u00e0 vivre l\u2019aventure la plus impressionnante et inoubliable de votre vie ?<\/strong><\/p>\n<p>[\/vc_column_text][\/vc_column_inner][\/vc_row_inner][vc_zigzag][vc_column_text]Le Cerro Mercedario est l&rsquo;une des plus hautes montagnes des Andes (6 720 m\u00e8tres d&rsquo;altitude) et est situ\u00e9e dans la province de San Juan.<\/p>\n<p>C&rsquo;est une montagne sauvage et isol\u00e9e, qui n\u00e9cessite une approche longue mais agr\u00e9able \u00e0 travers des vall\u00e9es fertiles, entour\u00e9es de sommets de 5 000 et 6 000 m\u00e8tres, une r\u00e9gion d&rsquo;une beaut\u00e9 unique et d&rsquo;un potentiel illimit\u00e9 pour l&rsquo;alpinisme.<\/p>\n<p><span style=\"font-weight: 400;\">Nous organisons des exp\u00e9ditions en haute montagne de diff\u00e9rentes dur\u00e9es, sp\u00e9cialement con\u00e7ues et planifi\u00e9es selon les besoins de chaque alpiniste, en tenant compte des temps d&rsquo;acclimatation et de la s\u00e9curit\u00e9 n\u00e9cessaires.<\/span><\/p>\n<p><span style=\"font-weight: 400;\">Demandez le programme et nous le concevrons selon vos souhaits !<\/span><\/p>\n<p><em>#ExperienceTheMountainLife<\/em>[\/vc_column_text][\/vc_column][\/vc_row][vc_row css=\u00a0\u00bb.vc_custom_1574855409312{padding-top: 72px !important;padding-bottom: 30px !important;}\u00a0\u00bb][vc_column][vc_separator][\/vc_column][\/vc_row][vc_row][vc_column][vc_tta_accordion style=\u00a0\u00bbflat\u00a0\u00bb shape=\u00a0\u00bbsquare\u00a0\u00bb active_section=\u00a0\u00bb0&Prime; collapsible_all=\u00a0\u00bbtrue\u00a0\u00bb][vc_tta_section title=\u00a0\u00bbVue d&rsquo;ensemble\u00a0\u00bb tab_id=\u00a0\u00bb1681999109739-cd0eadd0-cbae\u00a0\u00bb][vc_column_text]L&rsquo;ascension du Cerro Mercedario pr\u00e9sente une faible difficult\u00e9 technique, mais elle est tr\u00e8s exigeante, car elle demande une tr\u00e8s grande exigence physique, pour r\u00e9aliser des activit\u00e9s dans des r\u00e9gions \u00e9loign\u00e9es et \u00e0 haute altitude.<\/p>\n<p>La Cordill\u00e8re est assez inaccessible, plusieurs jours de marche sont donc n\u00e9cessaires. L&rsquo;ascension du Mercedario n\u00e9cessite une acclimatation et, selon les conditions m\u00e9t\u00e9orologiques, il faut compter au moins dix jours pour atteindre le sommet.[\/vc_column_text][\/vc_tta_section][vc_tta_section title=\u00a0\u00bbPOURQUOI NOUS CHOISIR?\u00a0\u00bb tab_id=\u00a0\u00bb1681999109747-7bc73503-00c6&Prime;][vc_column_text]<span style=\"font-weight: 400;\">Argentina Trails se distingue par ses plus de 17 ann\u00e9es d&rsquo;exp\u00e9rience dans l&rsquo;organisation d&rsquo;exp\u00e9ditions sur cette montagne et d&rsquo;autres dans la r\u00e9gion, o\u00f9 nos guides qualifi\u00e9s et certifi\u00e9s vous offriront une exp\u00e9rience de haute qualit\u00e9 en assurant s\u00e9curit\u00e9 et soutien.<\/span><\/p>\n<p><span style=\"font-weight: 400;\">Nous accordons la priorit\u00e9 \u00e0 la s\u00e9curit\u00e9 de nos clients, c&rsquo;est pourquoi nous disposons de l&rsquo;exp\u00e9rience et de la meilleure infrastructure, de trousses de premiers secours, de syst\u00e8mes de communication par satellite et d&rsquo;\u00e9quipements de montagne adapt\u00e9s aux exigences de chaque exp\u00e9dition. Nous veillons \u00e0 chaque d\u00e9tail afin que vous puissiez profiter pleinement de chaque exp\u00e9dition en toute s\u00e9curit\u00e9.<\/span><\/p>\n<p><span style=\"font-weight: 400;\">Nos exp\u00e9ditions sont centr\u00e9es sur le client. C&rsquo;est pourquoi nous concevons chacune d&rsquo;entre elles en fonction des besoins de chaque alpiniste, en planifiant une acclimatation appropri\u00e9e.<\/span>[\/vc_column_text][\/vc_tta_section][vc_tta_section title=\u00a0\u00bbJOUR PAR JOUR\u00a0\u00bb tab_id=\u00a0\u00bb1681999147147-4ca9c1cd-4c50&Prime;][vc_column_text]<span style=\"font-weight: 400;\">Mod\u00e8le d&rsquo;itin\u00e9raire simplifi\u00e9. N&rsquo;oubliez pas que nous pouvons concevoir l&rsquo;exp\u00e9dition selon vos besoins !<\/span><\/p>\n<p>JOUR 1 : Arriv\u00e9e \u00e0 Barreal.<\/p>\n<p>JOUR 2 : Barreal &#8211; CB Guanaquitos (3 600m)<\/p>\n<p>JOUR 3 : Trekking d&rsquo;acclimatation (4 000m)<\/p>\n<p>JOUR 4 : Randonn\u00e9e d&rsquo;acclimatation (4 600m)<\/p>\n<p>JOUR 5 : Cerro Wanda (5 300m)<\/p>\n<p>JOUR 6 : Retour \u00e0 CB Guanaquitos (3 600m)<\/p>\n<p>JOUR 7 : Jour de repos<\/p>\n<p>JOUR 8 : Mont\u00e9e au C1 (4 300m)<\/p>\n<p>JOUR 9 : Mont\u00e9e au C2 (5 280m)<\/p>\n<p>JOUR 10 : Mont\u00e9e au C3 (5 800m)<\/p>\n<p>JOUR 11 : Tentative de Sommet (6 720m)<\/p>\n<p>JOUR 12 : Journ\u00e9e suppl\u00e9mentaire en montagne<\/p>\n<p>JOUR 13 : Retour \u00e0 Barreal<\/p>\n<p><span style=\"font-weight: 400;\">N&rsquo;h\u00e9sitez pas \u00e0 demander le programme complet ou \u00e0 nous faire part de vos besoins sp\u00e9cifiques pour personnaliser l&rsquo;exp\u00e9dition !<\/span>[\/vc_column_text][\/vc_tta_section][\/vc_tta_accordion][\/vc_column][\/vc_row]<\/p>\n","protected":false},"excerpt":{"rendered":"<p>[vc_row anchor=\u00a0\u00bbbrief-history\u00a0\u00bb css=\u00a0\u00bb.vc_custom_1691500473051{margin-bottom: 40px !important;border-right-width: 65px !important;border-left-width: 65px !important;background-position: center !important;background-repeat: no-repeat !important;background-size: cover !important;}\u00a0\u00bb][vc_column][\/vc_column][\/vc_row][vc_row anchor=\u00a0\u00bbbrief-history\u00a0\u00bb][vc_column][vc_row_inner][vc_column_inner width=\u00a0\u00bb1\/2&Prime;][\/vc_column_inner][vc_column_inner width=\u00a0\u00bb1\/2&Prime;][vc_column_text] \u00cates-vous pr\u00eat \u00e0 vivre l\u2019aventure la plus impressionnante et inoubliable de votre vie ? [\/vc_column_text][\/vc_column_inner][\/vc_row_inner][vc_zigzag][vc_column_text]Le Cerro Mercedario est l&rsquo;une des plus hautes [&hellip;]<\/p>\n","protected":false},"author":2,"featured_media":0,"parent":0,"menu_order":0,"comment_status":"closed","ping_status":"closed","template":"","meta":{"footnotes":""},"class_list":["post-4813","page","type-page","status-publish","hentry"],"yoast_head":"<!-- This site is optimized with the Yoast SEO plugin v27.3 - https:\/\/yoast.com\/product\/yoast-seo-wordpress\/ -->\n<title>Mont Mercedario - Argentina Trails<\/title>\n<meta name=\"robots\" content=\"index, follow, max-snippet:-1, max-image-preview:large, max-video-preview:-1\" \/>\n<link rel=\"canonical\" href=\"https:\/\/argentinatrails.com\/fra\/mont-mercedario\/\" \/>\n<meta property=\"og:locale\" content=\"fr_FR\" \/>\n<meta property=\"og:type\" content=\"article\" \/>\n<meta property=\"og:title\" content=\"Mont Mercedario - Argentina Trails\" \/>\n<meta property=\"og:description\" content=\"[vc_row anchor=\u00a0\u00bbbrief-history\u00a0\u00bb css=\u00a0\u00bb.vc_custom_1691500473051{margin-bottom: 40px !important;border-right-width: 65px !important;border-left-width: 65px !important;background-position: center !important;background-repeat: no-repeat !important;background-size: cover !important;}\u00a0\u00bb][vc_column][\/vc_column][\/vc_row][vc_row anchor=\u00a0\u00bbbrief-history\u00a0\u00bb][vc_column][vc_row_inner][vc_column_inner width=\u00a0\u00bb1\/2&Prime;][\/vc_column_inner][vc_column_inner width=\u00a0\u00bb1\/2&Prime;][vc_column_text] \u00cates-vous pr\u00eat \u00e0 vivre l\u2019aventure la plus impressionnante et inoubliable de votre vie ? [\/vc_column_text][\/vc_column_inner][\/vc_row_inner][vc_zigzag][vc_column_text]Le Cerro Mercedario est l&rsquo;une des plus hautes [&hellip;]\" \/>\n<meta property=\"og:url\" content=\"https:\/\/argentinatrails.com\/fra\/mont-mercedario\/\" \/>\n<meta property=\"og:site_name\" content=\"Argentina Trails\" \/>\n<meta property=\"article:modified_time\" content=\"2024-02-08T15:53:35+00:00\" \/>\n<meta name=\"twitter:card\" content=\"summary_large_image\" \/>\n<meta name=\"twitter:label1\" content=\"Dur\u00e9e de lecture estim\u00e9e\" \/>\n\t<meta name=\"twitter:data1\" content=\"3 minutes\" \/>\n<script type=\"application\/ld+json\" class=\"yoast-schema-graph\">{\"@context\":\"https:\\\/\\\/schema.org\",\"@graph\":[{\"@type\":\"WebPage\",\"@id\":\"https:\\\/\\\/argentinatrails.com\\\/fra\\\/mont-mercedario\\\/\",\"url\":\"https:\\\/\\\/argentinatrails.com\\\/fra\\\/mont-mercedario\\\/\",\"name\":\"Mont Mercedario - Argentina Trails\",\"isPartOf\":{\"@id\":\"https:\\\/\\\/argentinatrails.com\\\/fra\\\/#website\"},\"datePublished\":\"2024-02-08T15:49:01+00:00\",\"dateModified\":\"2024-02-08T15:53:35+00:00\",\"inLanguage\":\"fr-FR\",\"potentialAction\":[{\"@type\":\"ReadAction\",\"target\":[\"https:\\\/\\\/argentinatrails.com\\\/fra\\\/mont-mercedario\\\/\"]}]},{\"@type\":\"WebSite\",\"@id\":\"https:\\\/\\\/argentinatrails.com\\\/fra\\\/#website\",\"url\":\"https:\\\/\\\/argentinatrails.com\\\/fra\\\/\",\"name\":\"Argentina Trails\",\"description\":\"Experience the Mountain Life\",\"potentialAction\":[{\"@type\":\"SearchAction\",\"target\":{\"@type\":\"EntryPoint\",\"urlTemplate\":\"https:\\\/\\\/argentinatrails.com\\\/fra\\\/?s={search_term_string}\"},\"query-input\":{\"@type\":\"PropertyValueSpecification\",\"valueRequired\":true,\"valueName\":\"search_term_string\"}}],\"inLanguage\":\"fr-FR\"}]}<\/script>\n<!-- \/ Yoast SEO plugin. -->","yoast_head_json":{"title":"Mont Mercedario - Argentina Trails","robots":{"index":"index","follow":"follow","max-snippet":"max-snippet:-1","max-image-preview":"max-image-preview:large","max-video-preview":"max-video-preview:-1"},"canonical":"https:\/\/argentinatrails.com\/fra\/mont-mercedario\/","og_locale":"fr_FR","og_type":"article","og_title":"Mont Mercedario - Argentina Trails","og_description":"[vc_row anchor=\u00a0\u00bbbrief-history\u00a0\u00bb css=\u00a0\u00bb.vc_custom_1691500473051{margin-bottom: 40px !important;border-right-width: 65px !important;border-left-width: 65px !important;background-position: center !important;background-repeat: no-repeat !important;background-size: cover !important;}\u00a0\u00bb][vc_column][\/vc_column][\/vc_row][vc_row anchor=\u00a0\u00bbbrief-history\u00a0\u00bb][vc_column][vc_row_inner][vc_column_inner width=\u00a0\u00bb1\/2&Prime;][\/vc_column_inner][vc_column_inner width=\u00a0\u00bb1\/2&Prime;][vc_column_text] \u00cates-vous pr\u00eat \u00e0 vivre l\u2019aventure la plus impressionnante et inoubliable de votre vie ? [\/vc_column_text][\/vc_column_inner][\/vc_row_inner][vc_zigzag][vc_column_text]Le Cerro Mercedario est l&rsquo;une des plus hautes [&hellip;]","og_url":"https:\/\/argentinatrails.com\/fra\/mont-mercedario\/","og_site_name":"Argentina Trails","article_modified_time":"2024-02-08T15:53:35+00:00","twitter_card":"summary_large_image","twitter_misc":{"Dur\u00e9e de lecture estim\u00e9e":"3 minutes"},"schema":{"@context":"https:\/\/schema.org","@graph":[{"@type":"WebPage","@id":"https:\/\/argentinatrails.com\/fra\/mont-mercedario\/","url":"https:\/\/argentinatrails.com\/fra\/mont-mercedario\/","name":"Mont Mercedario - Argentina Trails","isPartOf":{"@id":"https:\/\/argentinatrails.com\/fra\/#website"},"datePublished":"2024-02-08T15:49:01+00:00","dateModified":"2024-02-08T15:53:35+00:00","inLanguage":"fr-FR","potentialAction":[{"@type":"ReadAction","target":["https:\/\/argentinatrails.com\/fra\/mont-mercedario\/"]}]},{"@type":"WebSite","@id":"https:\/\/argentinatrails.com\/fra\/#website","url":"https:\/\/argentinatrails.com\/fra\/","name":"Argentina Trails","description":"Experience the Mountain Life","potentialAction":[{"@type":"SearchAction","target":{"@type":"EntryPoint","urlTemplate":"https:\/\/argentinatrails.com\/fra\/?s={search_term_string}"},"query-input":{"@type":"PropertyValueSpecification","valueRequired":true,"valueName":"search_term_string"}}],"inLanguage":"fr-FR"}]}},"_links":{"self":[{"href":"https:\/\/argentinatrails.com\/fra\/wp-json\/wp\/v2\/pages\/4813","targetHints":{"allow":["GET"]}}],"collection":[{"href":"https:\/\/argentinatrails.com\/fra\/wp-json\/wp\/v2\/pages"}],"about":[{"href":"https:\/\/argentinatrails.com\/fra\/wp-json\/wp\/v2\/types\/page"}],"author":[{"embeddable":true,"href":"https:\/\/argentinatrails.com\/fra\/wp-json\/wp\/v2\/users\/2"}],"replies":[{"embeddable":true,"href":"https:\/\/argentinatrails.com\/fra\/wp-json\/wp\/v2\/comments?post=4813"}],"version-history":[{"count":3,"href":"https:\/\/argentinatrails.com\/fra\/wp-json\/wp\/v2\/pages\/4813\/revisions"}],"predecessor-version":[{"id":4820,"href":"https:\/\/argentinatrails.com\/fra\/wp-json\/wp\/v2\/pages\/4813\/revisions\/4820"}],"wp:attachment":[{"href":"https:\/\/argentinatrails.com\/fra\/wp-json\/wp\/v2\/media?parent=4813"}],"curies":[{"name":"wp","href":"https:\/\/api.w.org\/{rel}","templated":true}]}}