{"id":3827,"date":"2022-11-18T03:18:26","date_gmt":"2022-11-18T03:18:26","guid":{"rendered":"https:\/\/argentinatrails.com\/fra\/?page_id=3827"},"modified":"2025-04-09T14:25:58","modified_gmt":"2025-04-09T14:25:58","slug":"trek","status":"publish","type":"page","link":"https:\/\/argentinatrails.com\/fra\/trek\/","title":{"rendered":"Trek"},"content":{"rendered":"<p>[vc_row css=\u00a0\u00bb.vc_custom_1668735715456{padding-top: 65px !important;background-position: center !important;background-repeat: no-repeat !important;background-size: cover !important;}\u00a0\u00bb][vc_column]<div class=\"mkdf-elements-holder   mkdf-two-columns  mkdf-responsive-mode-1024 \" ><div class=\"mkdf-eh-item    \"  data-item-class=\"mkdf-eh-custom-6621\" data-1400-1600=\"50px 5% 50px 8%\" data-1025-1399=\"50px 7% 50px 12%\" data-769-1024=\"75px 0 50px 16%\" data-681-768=\"75px 12% 50px 14%\" data-680=\"110px 6% 30px\">\n\t<div class=\"mkdf-eh-item-inner\">\n\t\t<div class=\"mkdf-eh-item-content mkdf-eh-custom-6621\" style=\"padding: 0 30px 120px 24%\">\n\t\t\t<div class=\"mkdf-single-image-holder   \">\n    <div class=\"mkdf-si-inner\" >\n                                    <img loading=\"lazy\" decoding=\"async\" width=\"798\" height=\"625\" src=\"https:\/\/argentinatrails.com\/fra\/wp-content\/uploads\/2025\/04\/WhatsApp-Image-2025-04-09-at-10.40.41-AM-e1744208553416.jpeg\" class=\"attachment-full size-full\" alt=\"\" srcset=\"https:\/\/argentinatrails.com\/fra\/wp-content\/uploads\/2025\/04\/WhatsApp-Image-2025-04-09-at-10.40.41-AM-e1744208553416.jpeg 798w, https:\/\/argentinatrails.com\/fra\/wp-content\/uploads\/2025\/04\/WhatsApp-Image-2025-04-09-at-10.40.41-AM-e1744208553416-300x235.jpeg 300w, https:\/\/argentinatrails.com\/fra\/wp-content\/uploads\/2025\/04\/WhatsApp-Image-2025-04-09-at-10.40.41-AM-e1744208553416-768x602.jpeg 768w, https:\/\/argentinatrails.com\/fra\/wp-content\/uploads\/2025\/04\/WhatsApp-Image-2025-04-09-at-10.40.41-AM-e1744208553416-600x470.jpeg 600w\" sizes=\"auto, (max-width: 798px) 100vw, 798px\" \/>                        <\/div>\n<\/div>\t\t<\/div>\n\t<\/div>\n<\/div><div class=\"mkdf-eh-item  mkdf-vertical-alignment-top  \"  data-item-class=\"mkdf-eh-custom-5165\" data-1400-1600=\"35px 7% 50px 10px\" data-1025-1399=\"35px 7% 50px 0\" data-769-1024=\"0 21% 50px 120px\" data-681-768=\"0 12% 50px 77px\" data-680=\"35px 30px 50px 30px\">\n\t<div class=\"mkdf-eh-item-inner\">\n\t\t<div class=\"mkdf-eh-item-content mkdf-eh-custom-5165\" style=\"padding: 35px 21% 125px 7px\">\n\t\t\t<div class=\"mkdf-section-title-holder   mkdf-st-highlight\" style=\"text-align: left\">\n\t<div class=\"mkdf-st-inner\">\n\t\t\t\t\t\t\t<h3 class=\"mkdf-st-title\" >\n                            RANDON\u00c9E            \t\t\t<\/h3>\n\t\t\t\t\t\t\t<\/div>\n<\/div>[vc_column_text]<span style=\"font-weight: 400;\">Des programmes qui combinent des sentiers anciens, des ruines et des villages cach\u00e9s, avec des montagnes multicolores, des ravins et des vall\u00e9es fascinantes ; une exp\u00e9rience qui inclut des services exclusifs et le contact avec la communaut\u00e9 locale, g\u00e9n\u00e9rant un \u00e9change culturel inoubliable.<\/span><\/p>\n<p>&nbsp;<\/p>\n<p><span style=\"font-weight: 400;\">N&rsquo;oubliez pas que nous pouvons organiser des programmes de diff\u00e9rentes dur\u00e9es et les adapter \u00e0 vos besoins !<\/span>[\/vc_column_text]\t\t<\/div>\n\t<\/div>\n<\/div><\/div>[\/vc_column][\/vc_row][vc_row css=\u00a0\u00bb.vc_custom_1677975047443{background-position: center !important;background-repeat: no-repeat !important;background-size: cover !important;}\u00a0\u00bb][vc_column][vc_zigzag el_width=\u00a0\u00bb80&Prime;][\/vc_column][\/vc_row][vc_row css=\u00a0\u00bb.vc_custom_1668735715456{padding-top: 65px !important;background-position: center !important;background-repeat: no-repeat !important;background-size: cover !important;}\u00a0\u00bb][vc_column]<div class=\"mkdf-section-title-holder   mkdf-center-align\" style=\"text-align: center\">\n\t<div class=\"mkdf-st-inner\">\n\t\t\t\t\t\t\t<h3 class=\"mkdf-st-title\" >\n                            EXP\u00c9DITIONS DE TREKKING            \t\t\t<\/h3>\n\t\t\t\t\t\t\t<\/div>\n<\/div>[\/vc_column][\/vc_row][vc_row css=\u00a0\u00bb.vc_custom_1668735715456{padding-top: 65px !important;background-position: center !important;background-repeat: no-repeat !important;background-size: cover !important;}\u00a0\u00bb][vc_column width=\u00a0\u00bb1\/6&Prime;][\/vc_column][vc_column width=\u00a0\u00bb2\/3&Prime;][vc_row_inner][vc_column_inner width=\u00a0\u00bb1\/2&Prime;]<div class=\"mkdf-section-title-holder   mkdf-center-align\" style=\"text-align: center\">\n\t<div class=\"mkdf-st-inner\">\n\t\t\t\t\t\t\t<h3 class=\"mkdf-st-title\" >\n                            Vallecito            \t\t\t<\/h3>\n\t\t\t\t\t\t\t<\/div>\n<\/div><div class=\"mkdf-single-image-holder   mkdf-image-behavior-custom-link\">\n    <div class=\"mkdf-si-inner\" >\n        \t            <a itemprop=\"url\" href=\"https:\/\/argentinatrails.com\/fra\/trekking-vallecito\" target=\"_self\">\n                                    <img loading=\"lazy\" decoding=\"async\" width=\"2000\" height=\"500\" src=\"https:\/\/argentinatrails.com\/fra\/wp-content\/uploads\/2019\/12\/header-trekking-vallecitos.jpg\" class=\"attachment-full size-full\" alt=\"\" srcset=\"https:\/\/argentinatrails.com\/fra\/wp-content\/uploads\/2019\/12\/header-trekking-vallecitos.jpg 2000w, https:\/\/argentinatrails.com\/fra\/wp-content\/uploads\/2019\/12\/header-trekking-vallecitos-300x75.jpg 300w, https:\/\/argentinatrails.com\/fra\/wp-content\/uploads\/2019\/12\/header-trekking-vallecitos-1024x256.jpg 1024w, https:\/\/argentinatrails.com\/fra\/wp-content\/uploads\/2019\/12\/header-trekking-vallecitos-768x192.jpg 768w, https:\/\/argentinatrails.com\/fra\/wp-content\/uploads\/2019\/12\/header-trekking-vallecitos-1536x384.jpg 1536w, https:\/\/argentinatrails.com\/fra\/wp-content\/uploads\/2019\/12\/header-trekking-vallecitos-600x150.jpg 600w\" sizes=\"auto, (max-width: 2000px) 100vw, 2000px\" \/>                                <\/a>\n            <\/div>\n<\/div>[\/vc_column_inner][vc_column_inner width=\u00a0\u00bb1\/2&Prime;]<div class=\"mkdf-section-title-holder   mkdf-center-align\" style=\"text-align: center\">\n\t<div class=\"mkdf-st-inner\">\n\t\t\t\t\t\t\t<h3 class=\"mkdf-st-title\" >\n                            TREKKING VERS LES NUAGES            \t\t\t<\/h3>\n\t\t\t\t\t\t\t<\/div>\n<\/div><div class=\"mkdf-single-image-holder   mkdf-image-behavior-custom-link\">\n    <div class=\"mkdf-si-inner\" >\n        \t            <a itemprop=\"url\" href=\"https:\/\/argentinatrails.com\/fra\/trekking-vers-les-nuages\/\" target=\"_self\">\n                                    <img loading=\"lazy\" decoding=\"async\" width=\"2000\" height=\"500\" src=\"https:\/\/argentinatrails.com\/fra\/wp-content\/uploads\/2019\/12\/header-trekking-nubes.jpg\" class=\"attachment-full size-full\" alt=\"\" srcset=\"https:\/\/argentinatrails.com\/fra\/wp-content\/uploads\/2019\/12\/header-trekking-nubes.jpg 2000w, https:\/\/argentinatrails.com\/fra\/wp-content\/uploads\/2019\/12\/header-trekking-nubes-300x75.jpg 300w, https:\/\/argentinatrails.com\/fra\/wp-content\/uploads\/2019\/12\/header-trekking-nubes-1024x256.jpg 1024w, https:\/\/argentinatrails.com\/fra\/wp-content\/uploads\/2019\/12\/header-trekking-nubes-768x192.jpg 768w, https:\/\/argentinatrails.com\/fra\/wp-content\/uploads\/2019\/12\/header-trekking-nubes-1536x384.jpg 1536w, https:\/\/argentinatrails.com\/fra\/wp-content\/uploads\/2019\/12\/header-trekking-nubes-600x150.jpg 600w\" sizes=\"auto, (max-width: 2000px) 100vw, 2000px\" \/>                                <\/a>\n            <\/div>\n<\/div>[\/vc_column_inner][\/vc_row_inner][\/vc_column][vc_column width=\u00a0\u00bb1\/6&Prime;][\/vc_column][\/vc_row][vc_row css=\u00a0\u00bb.vc_custom_1668735715456{padding-top: 65px !important;background-position: center !important;background-repeat: no-repeat !important;background-size: cover !important;}\u00a0\u00bb][vc_column][vc_zigzag el_width=\u00a0\u00bb80&Prime;][\/vc_column][\/vc_row][vc_row css=\u00a0\u00bb.vc_custom_1668735715456{padding-top: 65px !important;background-position: center !important;background-repeat: no-repeat !important;background-size: cover !important;}\u00a0\u00bb][vc_column][vc_images_carousel images=\u00a0\u00bb4135,4134,4133,4132,4130,4129,4128,4268&Prime; img_size=\u00a0\u00bbfull\u00a0\u00bb slides_per_view=\u00a0\u00bb5&Prime; hide_pagination_control=\u00a0\u00bbyes\u00a0\u00bb][\/vc_column][\/vc_row][vc_row css=\u00a0\u00bb.vc_custom_1668735715456{padding-top: 65px !important;background-position: center !important;background-repeat: no-repeat !important;background-size: cover !important;}\u00a0\u00bb][vc_column][vc_empty_space height=\u00a0\u00bb64px\u00a0\u00bb][\/vc_column][\/vc_row]<\/p>\n","protected":false},"excerpt":{"rendered":"<p>[vc_row css=\u00a0\u00bb.vc_custom_1668735715456{padding-top: 65px !important;background-position: center !important;background-repeat: no-repeat !important;background-size: cover !important;}\u00a0\u00bb][vc_column][\/vc_column][\/vc_row][vc_row css=\u00a0\u00bb.vc_custom_1677975047443{background-position: center !important;background-repeat: no-repeat !important;background-size: cover !important;}\u00a0\u00bb][vc_column][vc_zigzag el_width=\u00a0\u00bb80&Prime;][\/vc_column][\/vc_row][vc_row css=\u00a0\u00bb.vc_custom_1668735715456{padding-top: 65px !important;background-position: center !important;background-repeat: no-repeat !important;background-size: cover !important;}\u00a0\u00bb][vc_column][\/vc_column][\/vc_row][vc_row css=\u00a0\u00bb.vc_custom_1668735715456{padding-top: 65px !important;background-position: center !important;background-repeat: no-repeat !important;background-size: cover !important;}\u00a0\u00bb][vc_column width=\u00a0\u00bb1\/6&Prime;][\/vc_column][vc_column width=\u00a0\u00bb2\/3&Prime;][vc_row_inner][vc_column_inner width=\u00a0\u00bb1\/2&Prime;][\/vc_column_inner][vc_column_inner width=\u00a0\u00bb1\/2&Prime;][\/vc_column_inner][\/vc_row_inner][\/vc_column][vc_column [&hellip;]<\/p>\n","protected":false},"author":2,"featured_media":0,"parent":0,"menu_order":0,"comment_status":"closed","ping_status":"closed","template":"full-width.php","meta":{"footnotes":""},"class_list":["post-3827","page","type-page","status-publish","hentry"],"yoast_head":"<!-- This site is optimized with the Yoast SEO plugin v27.5 - https:\/\/yoast.com\/product\/yoast-seo-wordpress\/ -->\n<title>Trek - Argentina Trails<\/title>\n<meta name=\"robots\" content=\"index, follow, max-snippet:-1, max-image-preview:large, max-video-preview:-1\" \/>\n<link rel=\"canonical\" href=\"https:\/\/argentinatrails.com\/fra\/trek\/\" \/>\n<meta property=\"og:locale\" content=\"fr_FR\" \/>\n<meta property=\"og:type\" content=\"article\" \/>\n<meta property=\"og:title\" content=\"Trek - Argentina Trails\" \/>\n<meta property=\"og:description\" content=\"[vc_row css=\u00a0\u00bb.vc_custom_1668735715456{padding-top: 65px !important;background-position: center !important;background-repeat: no-repeat !important;background-size: cover !important;}\u00a0\u00bb][vc_column][\/vc_column][\/vc_row][vc_row css=\u00a0\u00bb.vc_custom_1677975047443{background-position: center !important;background-repeat: no-repeat !important;background-size: cover !important;}\u00a0\u00bb][vc_column][vc_zigzag el_width=\u00a0\u00bb80&Prime;][\/vc_column][\/vc_row][vc_row css=\u00a0\u00bb.vc_custom_1668735715456{padding-top: 65px !important;background-position: center !important;background-repeat: no-repeat !important;background-size: cover !important;}\u00a0\u00bb][vc_column][\/vc_column][\/vc_row][vc_row css=\u00a0\u00bb.vc_custom_1668735715456{padding-top: 65px !important;background-position: center !important;background-repeat: no-repeat !important;background-size: cover !important;}\u00a0\u00bb][vc_column width=\u00a0\u00bb1\/6&Prime;][\/vc_column][vc_column width=\u00a0\u00bb2\/3&Prime;][vc_row_inner][vc_column_inner width=\u00a0\u00bb1\/2&Prime;][\/vc_column_inner][vc_column_inner width=\u00a0\u00bb1\/2&Prime;][\/vc_column_inner][\/vc_row_inner][\/vc_column][vc_column [&hellip;]\" \/>\n<meta property=\"og:url\" content=\"https:\/\/argentinatrails.com\/fra\/trek\/\" \/>\n<meta property=\"og:site_name\" content=\"Argentina Trails\" \/>\n<meta property=\"article:modified_time\" content=\"2025-04-09T14:25:58+00:00\" \/>\n<meta name=\"twitter:card\" content=\"summary_large_image\" \/>\n<meta name=\"twitter:label1\" content=\"Dur\u00e9e de lecture estim\u00e9e\" \/>\n\t<meta name=\"twitter:data1\" content=\"2 minutes\" \/>\n<script type=\"application\/ld+json\" class=\"yoast-schema-graph\">{\"@context\":\"https:\\\/\\\/schema.org\",\"@graph\":[{\"@type\":\"WebPage\",\"@id\":\"https:\\\/\\\/argentinatrails.com\\\/fra\\\/trek\\\/\",\"url\":\"https:\\\/\\\/argentinatrails.com\\\/fra\\\/trek\\\/\",\"name\":\"Trek - Argentina Trails\",\"isPartOf\":{\"@id\":\"https:\\\/\\\/argentinatrails.com\\\/fra\\\/#website\"},\"datePublished\":\"2022-11-18T03:18:26+00:00\",\"dateModified\":\"2025-04-09T14:25:58+00:00\",\"inLanguage\":\"fr-FR\",\"potentialAction\":[{\"@type\":\"ReadAction\",\"target\":[\"https:\\\/\\\/argentinatrails.com\\\/fra\\\/trek\\\/\"]}]},{\"@type\":\"WebSite\",\"@id\":\"https:\\\/\\\/argentinatrails.com\\\/fra\\\/#website\",\"url\":\"https:\\\/\\\/argentinatrails.com\\\/fra\\\/\",\"name\":\"Argentina Trails\",\"description\":\"Experience the Mountain Life\",\"potentialAction\":[{\"@type\":\"SearchAction\",\"target\":{\"@type\":\"EntryPoint\",\"urlTemplate\":\"https:\\\/\\\/argentinatrails.com\\\/fra\\\/?s={search_term_string}\"},\"query-input\":{\"@type\":\"PropertyValueSpecification\",\"valueRequired\":true,\"valueName\":\"search_term_string\"}}],\"inLanguage\":\"fr-FR\"}]}<\/script>\n<!-- \/ Yoast SEO plugin. -->","yoast_head_json":{"title":"Trek - Argentina Trails","robots":{"index":"index","follow":"follow","max-snippet":"max-snippet:-1","max-image-preview":"max-image-preview:large","max-video-preview":"max-video-preview:-1"},"canonical":"https:\/\/argentinatrails.com\/fra\/trek\/","og_locale":"fr_FR","og_type":"article","og_title":"Trek - Argentina Trails","og_description":"[vc_row css=\u00a0\u00bb.vc_custom_1668735715456{padding-top: 65px !important;background-position: center !important;background-repeat: no-repeat !important;background-size: cover !important;}\u00a0\u00bb][vc_column][\/vc_column][\/vc_row][vc_row css=\u00a0\u00bb.vc_custom_1677975047443{background-position: center !important;background-repeat: no-repeat !important;background-size: cover !important;}\u00a0\u00bb][vc_column][vc_zigzag el_width=\u00a0\u00bb80&Prime;][\/vc_column][\/vc_row][vc_row css=\u00a0\u00bb.vc_custom_1668735715456{padding-top: 65px !important;background-position: center !important;background-repeat: no-repeat !important;background-size: cover !important;}\u00a0\u00bb][vc_column][\/vc_column][\/vc_row][vc_row css=\u00a0\u00bb.vc_custom_1668735715456{padding-top: 65px !important;background-position: center !important;background-repeat: no-repeat !important;background-size: cover !important;}\u00a0\u00bb][vc_column width=\u00a0\u00bb1\/6&Prime;][\/vc_column][vc_column width=\u00a0\u00bb2\/3&Prime;][vc_row_inner][vc_column_inner width=\u00a0\u00bb1\/2&Prime;][\/vc_column_inner][vc_column_inner width=\u00a0\u00bb1\/2&Prime;][\/vc_column_inner][\/vc_row_inner][\/vc_column][vc_column [&hellip;]","og_url":"https:\/\/argentinatrails.com\/fra\/trek\/","og_site_name":"Argentina Trails","article_modified_time":"2025-04-09T14:25:58+00:00","twitter_card":"summary_large_image","twitter_misc":{"Dur\u00e9e de lecture estim\u00e9e":"2 minutes"},"schema":{"@context":"https:\/\/schema.org","@graph":[{"@type":"WebPage","@id":"https:\/\/argentinatrails.com\/fra\/trek\/","url":"https:\/\/argentinatrails.com\/fra\/trek\/","name":"Trek - Argentina Trails","isPartOf":{"@id":"https:\/\/argentinatrails.com\/fra\/#website"},"datePublished":"2022-11-18T03:18:26+00:00","dateModified":"2025-04-09T14:25:58+00:00","inLanguage":"fr-FR","potentialAction":[{"@type":"ReadAction","target":["https:\/\/argentinatrails.com\/fra\/trek\/"]}]},{"@type":"WebSite","@id":"https:\/\/argentinatrails.com\/fra\/#website","url":"https:\/\/argentinatrails.com\/fra\/","name":"Argentina Trails","description":"Experience the Mountain Life","potentialAction":[{"@type":"SearchAction","target":{"@type":"EntryPoint","urlTemplate":"https:\/\/argentinatrails.com\/fra\/?s={search_term_string}"},"query-input":{"@type":"PropertyValueSpecification","valueRequired":true,"valueName":"search_term_string"}}],"inLanguage":"fr-FR"}]}},"_links":{"self":[{"href":"https:\/\/argentinatrails.com\/fra\/wp-json\/wp\/v2\/pages\/3827","targetHints":{"allow":["GET"]}}],"collection":[{"href":"https:\/\/argentinatrails.com\/fra\/wp-json\/wp\/v2\/pages"}],"about":[{"href":"https:\/\/argentinatrails.com\/fra\/wp-json\/wp\/v2\/types\/page"}],"author":[{"embeddable":true,"href":"https:\/\/argentinatrails.com\/fra\/wp-json\/wp\/v2\/users\/2"}],"replies":[{"embeddable":true,"href":"https:\/\/argentinatrails.com\/fra\/wp-json\/wp\/v2\/comments?post=3827"}],"version-history":[{"count":49,"href":"https:\/\/argentinatrails.com\/fra\/wp-json\/wp\/v2\/pages\/3827\/revisions"}],"predecessor-version":[{"id":4854,"href":"https:\/\/argentinatrails.com\/fra\/wp-json\/wp\/v2\/pages\/3827\/revisions\/4854"}],"wp:attachment":[{"href":"https:\/\/argentinatrails.com\/fra\/wp-json\/wp\/v2\/media?parent=3827"}],"curies":[{"name":"wp","href":"https:\/\/api.w.org\/{rel}","templated":true}]}}