{"id":3676,"date":"2022-11-05T15:11:30","date_gmt":"2022-11-05T15:11:30","guid":{"rendered":"https:\/\/argentinatrails.com\/fra\/?page_id=3676"},"modified":"2023-09-04T14:24:48","modified_gmt":"2023-09-04T14:24:48","slug":"voyagez-de-motivation","status":"publish","type":"page","link":"https:\/\/argentinatrails.com\/fra\/voyagez-de-motivation\/","title":{"rendered":"VOYAGES DE MOTIVATION"},"content":{"rendered":"<p>[vc_row][vc_column][\/vc_column][\/vc_row][vc_row css=\u00a0\u00bb.vc_custom_1668735715456{padding-top: 65px !important;background-position: center !important;background-repeat: no-repeat !important;background-size: cover !important;}\u00a0\u00bb][vc_column]<div class=\"mkdf-elements-holder   mkdf-two-columns  mkdf-responsive-mode-1024 \" ><div class=\"mkdf-eh-item  mkdf-vertical-alignment-top  \"  data-item-class=\"mkdf-eh-custom-2962\" data-1400-1600=\"50px 5% 131px 8%\" data-1025-1399=\"50px 7% 168px 12%\" data-769-1024=\"75px 0 70px 16%\" data-681-768=\"75px 12% 70px 14%\" data-680=\"110px 6% 30px\">\n\t<div class=\"mkdf-eh-item-inner\">\n\t\t<div class=\"mkdf-eh-item-content mkdf-eh-custom-2962\" style=\"padding: 0 30px 120px 24%\">\n\t\t\t<div class=\"mkdf-single-image-holder   mkdf-image-behavior-lightbox\">\n    <div class=\"mkdf-si-inner\" >\n                    <a itemprop=\"image\" href=\"https:\/\/argentinatrails.com\/fra\/wp-content\/uploads\/2023\/02\/at-incentivos-1.jpg\" data-rel=\"prettyPhoto[si_pretty_photo]\" title=\"catering\">\n                                    <img loading=\"lazy\" decoding=\"async\" width=\"649\" height=\"375\" src=\"https:\/\/argentinatrails.com\/fra\/wp-content\/uploads\/2023\/02\/at-incentivos-1.jpg\" class=\"attachment-full size-full\" alt=\"catering\" srcset=\"https:\/\/argentinatrails.com\/fra\/wp-content\/uploads\/2023\/02\/at-incentivos-1.jpg 649w, https:\/\/argentinatrails.com\/fra\/wp-content\/uploads\/2023\/02\/at-incentivos-1-300x173.jpg 300w, https:\/\/argentinatrails.com\/fra\/wp-content\/uploads\/2023\/02\/at-incentivos-1-87x50.jpg 87w, https:\/\/argentinatrails.com\/fra\/wp-content\/uploads\/2023\/02\/at-incentivos-1-600x347.jpg 600w\" sizes=\"auto, (max-width: 649px) 100vw, 649px\" \/>                                <\/a>\n            <\/div>\n<\/div>\t\t<\/div>\n\t<\/div>\n<\/div><div class=\"mkdf-eh-item    \"  data-item-class=\"mkdf-eh-custom-2424\" data-1400-1600=\"35px 7% 150px 10px\" data-1025-1399=\"35px 7% 150px 0\" data-769-1024=\"0 21% 189px 120px\" data-681-768=\"0 12% 189px 77px\" data-680=\"35px 30px 232px 30px\">\n\t<div class=\"mkdf-eh-item-inner\">\n\t\t<div class=\"mkdf-eh-item-content mkdf-eh-custom-2424\" style=\"padding: 35px 21% 125px 7px\">\n\t\t\t<div class=\"mkdf-section-title-holder   mkdf-st-highlight\" style=\"text-align: left\">\n\t<div class=\"mkdf-st-inner\">\n\t\t\t\t\t\t\t<h3 class=\"mkdf-st-title\" >\n                            EXP\u00c9RIENCES EXCLUSIVES POUR LES ENTREPRISES !            \t\t\t<\/h3>\n\t\t\t\t\t\t\t<p class=\"mkdf-st-text \" style=\"font-size: 18px;line-height: 26px\">\n            \t            Les voyages de motivation visent \u00e0 renforcer et am\u00e9liorer les relations interpersonnelles des employ\u00e9s et leur sentiment d'appartenance \u00e0 l'entreprise : ils sont une motivation pour atteindre les objectifs fix\u00e9s et un chemin vers l'am\u00e9lioration de soi. Nous proposons des exp\u00e9riences personnalis\u00e9es, soigneusement con\u00e7ues en fonction des exigences et des besoins de chaque entreprise, \u00e0 travers des services de qualit\u00e9 et un contact profond avec la nature, comprenant des activit\u00e9s de travail d'\u00e9quipe et cr\u00e9ant un voyage authentique qui fait la diff\u00e9rence.<br \/>\nOffrez \u00e0 vos employ\u00e9s une aventure unique !<br \/>\n            \t\t\t<\/p>\n\t\t\t\t\t<\/div>\n<\/div>[vc_empty_space]\t\t<\/div>\n\t<\/div>\n<\/div><\/div>[\/vc_column][\/vc_row][vc_row][vc_column width=\u00a0\u00bb1\/6&Prime;][\/vc_column][vc_column width=\u00a0\u00bb2\/3&Prime;][vc_row_inner][vc_column_inner width=\u00a0\u00bb1\/3&Prime;]<div class=\"mkdf-single-image-holder   mkdf-image-behavior-lightbox\">\n    <div class=\"mkdf-si-inner\" >\n                    <a itemprop=\"image\" href=\"https:\/\/argentinatrails.com\/fra\/wp-content\/uploads\/2023\/02\/at-incentivos-2.jpg\" data-rel=\"prettyPhoto[si_pretty_photo]\" title=\"\">\n                                    <img loading=\"lazy\" decoding=\"async\" width=\"649\" height=\"375\" src=\"https:\/\/argentinatrails.com\/fra\/wp-content\/uploads\/2023\/02\/at-incentivos-2.jpg\" class=\"attachment-full size-full\" alt=\"\" srcset=\"https:\/\/argentinatrails.com\/fra\/wp-content\/uploads\/2023\/02\/at-incentivos-2.jpg 649w, https:\/\/argentinatrails.com\/fra\/wp-content\/uploads\/2023\/02\/at-incentivos-2-300x173.jpg 300w, https:\/\/argentinatrails.com\/fra\/wp-content\/uploads\/2023\/02\/at-incentivos-2-87x50.jpg 87w, https:\/\/argentinatrails.com\/fra\/wp-content\/uploads\/2023\/02\/at-incentivos-2-600x347.jpg 600w\" sizes=\"auto, (max-width: 649px) 100vw, 649px\" \/>                                <\/a>\n            <\/div>\n<\/div>[vc_empty_space][\/vc_column_inner][vc_column_inner width=\u00a0\u00bb1\/3&Prime;]<div class=\"mkdf-single-image-holder   mkdf-image-behavior-lightbox\">\n    <div class=\"mkdf-si-inner\" >\n                    <a itemprop=\"image\" href=\"https:\/\/argentinatrails.com\/fra\/wp-content\/uploads\/2023\/02\/at-incentivos-4.jpg\" data-rel=\"prettyPhoto[si_pretty_photo]\" title=\"\">\n                                    <img loading=\"lazy\" decoding=\"async\" width=\"649\" height=\"375\" src=\"https:\/\/argentinatrails.com\/fra\/wp-content\/uploads\/2023\/02\/at-incentivos-4.jpg\" class=\"attachment-full size-full\" alt=\"\" srcset=\"https:\/\/argentinatrails.com\/fra\/wp-content\/uploads\/2023\/02\/at-incentivos-4.jpg 649w, https:\/\/argentinatrails.com\/fra\/wp-content\/uploads\/2023\/02\/at-incentivos-4-300x173.jpg 300w, https:\/\/argentinatrails.com\/fra\/wp-content\/uploads\/2023\/02\/at-incentivos-4-87x50.jpg 87w, https:\/\/argentinatrails.com\/fra\/wp-content\/uploads\/2023\/02\/at-incentivos-4-600x347.jpg 600w\" sizes=\"auto, (max-width: 649px) 100vw, 649px\" \/>                                <\/a>\n            <\/div>\n<\/div>[vc_empty_space][\/vc_column_inner][vc_column_inner width=\u00a0\u00bb1\/3&Prime;]<div class=\"mkdf-single-image-holder   mkdf-image-behavior-lightbox\">\n    <div class=\"mkdf-si-inner\" >\n                    <a itemprop=\"image\" href=\"https:\/\/argentinatrails.com\/fra\/wp-content\/uploads\/2023\/02\/at-incentivos-3.jpg\" data-rel=\"prettyPhoto[si_pretty_photo]\" title=\"\">\n                                    <img loading=\"lazy\" decoding=\"async\" width=\"649\" height=\"375\" src=\"https:\/\/argentinatrails.com\/fra\/wp-content\/uploads\/2023\/02\/at-incentivos-3.jpg\" class=\"attachment-full size-full\" alt=\"\" srcset=\"https:\/\/argentinatrails.com\/fra\/wp-content\/uploads\/2023\/02\/at-incentivos-3.jpg 649w, https:\/\/argentinatrails.com\/fra\/wp-content\/uploads\/2023\/02\/at-incentivos-3-300x173.jpg 300w, https:\/\/argentinatrails.com\/fra\/wp-content\/uploads\/2023\/02\/at-incentivos-3-87x50.jpg 87w, https:\/\/argentinatrails.com\/fra\/wp-content\/uploads\/2023\/02\/at-incentivos-3-600x347.jpg 600w\" sizes=\"auto, (max-width: 649px) 100vw, 649px\" \/>                                <\/a>\n            <\/div>\n<\/div>[vc_empty_space][\/vc_column_inner][\/vc_row_inner][\/vc_column][vc_column width=\u00a0\u00bb1\/6&Prime;][\/vc_column][\/vc_row][vc_row][vc_column][vc_empty_space][vc_zigzag][vc_empty_space][\/vc_column][\/vc_row][vc_row][vc_column width=\u00a0\u00bb1\/6&Prime;][\/vc_column][vc_column width=\u00a0\u00bb2\/3&Prime;][vc_row_inner][vc_column_inner]<div class=\"mkdf-section-title-holder   mkdf-center-align\" style=\"text-align: center\">\n\t<div class=\"mkdf-st-inner\">\n\t\t\t\t\t\t\t<h3 class=\"mkdf-st-title\" >\n                            CERTAINS DE NOS CLIENTS            \t\t\t<\/h3>\n\t\t\t\t\t\t\t<\/div>\n<\/div>[vc_empty_space][\/vc_column_inner][\/vc_row_inner]<div class=\"mkdf-clients-carousel-holder mkdf-cc-hover-switch-images\">\n\t<div class=\"mkdf-cc-inner mkdf-owl-slider\" data-number-of-items=\"6\" data-enable-loop=\"yes\" data-enable-autoplay=\"yes\" data-slider-speed=\"5000\" data-slider-speed-animation=\"600\" data-enable-navigation=\"no\" data-enable-pagination=\"no\">\n\t\t<div class=\"mkdf-cc-item mkdf-item-space mkdf-cci-has-link\">\n\t\t\t<a itemprop=\"url\" class=\"mkdf-cc-link mkdf-block-drag-link\" href=\"#\" target=\"_self\">\n\t\t\t\t\t\t<img decoding=\"async\" itemprop=\"image\" class=\"mkdf-cc-image\" src=\"https:\/\/argentinatrails.com\/fra\/wp-content\/uploads\/2023\/02\/h1-clients-img-pepsico.png\" alt=\"\" \/>\n\t\t\t\t\t\t\t<img decoding=\"async\" itemprop=\"image\" class=\"mkdf-cc-hover-image\" src=\"https:\/\/argentinatrails.com\/fra\/wp-content\/uploads\/2023\/02\/h1-clients-img-pepsico.png\" alt=\"\" \/>\n\t\t\t\t\t<\/a>\n\t<\/div><div class=\"mkdf-cc-item mkdf-item-space mkdf-cci-has-link\">\n\t\t\t<a itemprop=\"url\" class=\"mkdf-cc-link mkdf-block-drag-link\" href=\"#\" target=\"_self\">\n\t\t\t\t\t\t<img decoding=\"async\" itemprop=\"image\" class=\"mkdf-cc-image\" src=\"https:\/\/argentinatrails.com\/fra\/wp-content\/uploads\/2023\/02\/h1-clients-img-amex.png\" alt=\"\" \/>\n\t\t\t\t\t\t\t<img decoding=\"async\" itemprop=\"image\" class=\"mkdf-cc-hover-image\" src=\"https:\/\/argentinatrails.com\/fra\/wp-content\/uploads\/2023\/02\/h1-clients-img-amex.png\" alt=\"\" \/>\n\t\t\t\t\t<\/a>\n\t<\/div><div class=\"mkdf-cc-item mkdf-item-space mkdf-cci-has-link\">\n\t\t\t<a itemprop=\"url\" class=\"mkdf-cc-link mkdf-block-drag-link\" href=\"#\" target=\"_self\">\n\t\t\t\t\t\t<img decoding=\"async\" itemprop=\"image\" class=\"mkdf-cc-image\" src=\"https:\/\/argentinatrails.com\/fra\/wp-content\/uploads\/2023\/02\/h1-clients-img-novus.png\" alt=\"\" \/>\n\t\t\t\t\t\t\t<img decoding=\"async\" itemprop=\"image\" class=\"mkdf-cc-hover-image\" src=\"https:\/\/argentinatrails.com\/fra\/wp-content\/uploads\/2023\/02\/h1-clients-img-novus.png\" alt=\"\" \/>\n\t\t\t\t\t<\/a>\n\t<\/div><div class=\"mkdf-cc-item mkdf-item-space mkdf-cci-has-link\">\n\t\t\t<a itemprop=\"url\" class=\"mkdf-cc-link mkdf-block-drag-link\" href=\"#\" target=\"_self\">\n\t\t\t\t\t\t<img decoding=\"async\" itemprop=\"image\" class=\"mkdf-cc-image\" src=\"https:\/\/argentinatrails.com\/fra\/wp-content\/uploads\/2023\/02\/h1-clients-img-discovery.png\" alt=\"\" \/>\n\t\t\t\t\t\t\t<img decoding=\"async\" itemprop=\"image\" class=\"mkdf-cc-hover-image\" src=\"https:\/\/argentinatrails.com\/fra\/wp-content\/uploads\/2023\/02\/h1-clients-img-discovery.png\" alt=\"\" \/>\n\t\t\t\t\t<\/a>\n\t<\/div><div class=\"mkdf-cc-item mkdf-item-space mkdf-cci-has-link\">\n\t\t\t<a itemprop=\"url\" class=\"mkdf-cc-link mkdf-block-drag-link\" href=\"#\" target=\"_self\">\n\t\t\t\t\t\t<img decoding=\"async\" itemprop=\"image\" class=\"mkdf-cc-image\" src=\"https:\/\/argentinatrails.com\/fra\/wp-content\/uploads\/2023\/02\/h1-clients-img-donmario.png\" alt=\"\" \/>\n\t\t\t\t\t\t\t<img decoding=\"async\" itemprop=\"image\" class=\"mkdf-cc-hover-image\" src=\"https:\/\/argentinatrails.com\/fra\/wp-content\/uploads\/2023\/02\/h1-clients-img-donmario.png\" alt=\"\" \/>\n\t\t\t\t\t<\/a>\n\t<\/div><div class=\"mkdf-cc-item mkdf-item-space mkdf-cci-has-link\">\n\t\t\t<a itemprop=\"url\" class=\"mkdf-cc-link mkdf-block-drag-link\" href=\"#\" target=\"_self\">\n\t\t\t\t\t\t<img decoding=\"async\" itemprop=\"image\" class=\"mkdf-cc-image\" src=\"https:\/\/argentinatrails.com\/fra\/wp-content\/uploads\/2023\/02\/h1-clients-img-latam.png\" alt=\"\" \/>\n\t\t\t\t\t\t\t<img decoding=\"async\" itemprop=\"image\" class=\"mkdf-cc-hover-image\" src=\"https:\/\/argentinatrails.com\/fra\/wp-content\/uploads\/2023\/02\/h1-clients-img-latam.png\" alt=\"\" \/>\n\t\t\t\t\t<\/a>\n\t<\/div><div class=\"mkdf-cc-item mkdf-item-space mkdf-cci-has-link\">\n\t\t\t<a itemprop=\"url\" class=\"mkdf-cc-link mkdf-block-drag-link\" href=\"#\" target=\"_self\">\n\t\t\t\t\t\t<img decoding=\"async\" itemprop=\"image\" class=\"mkdf-cc-image\" src=\"https:\/\/argentinatrails.com\/fra\/wp-content\/uploads\/2023\/02\/h1-clients-img-monsanto.png\" alt=\"\" \/>\n\t\t\t\t\t\t\t<img decoding=\"async\" itemprop=\"image\" class=\"mkdf-cc-hover-image\" src=\"https:\/\/argentinatrails.com\/fra\/wp-content\/uploads\/2023\/02\/h1-clients-img-monsanto.png\" alt=\"\" \/>\n\t\t\t\t\t<\/a>\n\t<\/div>\t<\/div>\n<\/div>[\/vc_column][vc_column width=\u00a0\u00bb1\/6&Prime;][\/vc_column][\/vc_row][vc_row][vc_column][vc_empty_space height=\u00a0\u00bb50px\u00a0\u00bb][\/vc_column][\/vc_row]<\/p>\n","protected":false},"excerpt":{"rendered":"<p>[vc_row][vc_column][\/vc_column][\/vc_row][vc_row css=\u00a0\u00bb.vc_custom_1668735715456{padding-top: 65px !important;background-position: center !important;background-repeat: no-repeat !important;background-size: cover !important;}\u00a0\u00bb][vc_column][\/vc_column][\/vc_row][vc_row][vc_column width=\u00a0\u00bb1\/6&Prime;][\/vc_column][vc_column width=\u00a0\u00bb2\/3&Prime;][vc_row_inner][vc_column_inner width=\u00a0\u00bb1\/3&Prime;][vc_empty_space][\/vc_column_inner][vc_column_inner width=\u00a0\u00bb1\/3&Prime;][vc_empty_space][\/vc_column_inner][vc_column_inner width=\u00a0\u00bb1\/3&Prime;][vc_empty_space][\/vc_column_inner][\/vc_row_inner][\/vc_column][vc_column width=\u00a0\u00bb1\/6&Prime;][\/vc_column][\/vc_row][vc_row][vc_column][vc_empty_space][vc_zigzag][vc_empty_space][\/vc_column][\/vc_row][vc_row][vc_column width=\u00a0\u00bb1\/6&Prime;][\/vc_column][vc_column width=\u00a0\u00bb2\/3&Prime;][vc_row_inner][vc_column_inner][vc_empty_space][\/vc_column_inner][\/vc_row_inner][\/vc_column][vc_column width=\u00a0\u00bb1\/6&Prime;][\/vc_column][\/vc_row][vc_row][vc_column][vc_empty_space height=\u00a0\u00bb50px\u00a0\u00bb][\/vc_column][\/vc_row]<\/p>\n","protected":false},"author":2,"featured_media":0,"parent":0,"menu_order":0,"comment_status":"closed","ping_status":"closed","template":"full-width.php","meta":{"footnotes":""},"class_list":["post-3676","page","type-page","status-publish","hentry"],"yoast_head":"<!-- This site is optimized with the Yoast SEO plugin v27.5 - https:\/\/yoast.com\/product\/yoast-seo-wordpress\/ -->\n<title>VOYAGES DE MOTIVATION - Argentina Trails<\/title>\n<meta name=\"robots\" content=\"index, follow, max-snippet:-1, max-image-preview:large, max-video-preview:-1\" \/>\n<link rel=\"canonical\" href=\"https:\/\/argentinatrails.com\/fra\/voyagez-de-motivation\/\" \/>\n<meta property=\"og:locale\" content=\"fr_FR\" \/>\n<meta property=\"og:type\" content=\"article\" \/>\n<meta property=\"og:title\" content=\"VOYAGES DE MOTIVATION - Argentina Trails\" \/>\n<meta property=\"og:description\" content=\"[vc_row][vc_column][\/vc_column][\/vc_row][vc_row css=\u00a0\u00bb.vc_custom_1668735715456{padding-top: 65px !important;background-position: center !important;background-repeat: no-repeat !important;background-size: cover !important;}\u00a0\u00bb][vc_column][\/vc_column][\/vc_row][vc_row][vc_column width=\u00a0\u00bb1\/6&Prime;][\/vc_column][vc_column width=\u00a0\u00bb2\/3&Prime;][vc_row_inner][vc_column_inner width=\u00a0\u00bb1\/3&Prime;][vc_empty_space][\/vc_column_inner][vc_column_inner width=\u00a0\u00bb1\/3&Prime;][vc_empty_space][\/vc_column_inner][vc_column_inner width=\u00a0\u00bb1\/3&Prime;][vc_empty_space][\/vc_column_inner][\/vc_row_inner][\/vc_column][vc_column width=\u00a0\u00bb1\/6&Prime;][\/vc_column][\/vc_row][vc_row][vc_column][vc_empty_space][vc_zigzag][vc_empty_space][\/vc_column][\/vc_row][vc_row][vc_column width=\u00a0\u00bb1\/6&Prime;][\/vc_column][vc_column width=\u00a0\u00bb2\/3&Prime;][vc_row_inner][vc_column_inner][vc_empty_space][\/vc_column_inner][\/vc_row_inner][\/vc_column][vc_column width=\u00a0\u00bb1\/6&Prime;][\/vc_column][\/vc_row][vc_row][vc_column][vc_empty_space height=\u00a0\u00bb50px\u00a0\u00bb][\/vc_column][\/vc_row]\" \/>\n<meta property=\"og:url\" content=\"https:\/\/argentinatrails.com\/fra\/voyagez-de-motivation\/\" \/>\n<meta property=\"og:site_name\" content=\"Argentina Trails\" \/>\n<meta property=\"article:modified_time\" content=\"2023-09-04T14:24:48+00:00\" \/>\n<meta name=\"twitter:card\" content=\"summary_large_image\" \/>\n<meta name=\"twitter:label1\" content=\"Dur\u00e9e de lecture estim\u00e9e\" \/>\n\t<meta name=\"twitter:data1\" content=\"2 minutes\" \/>\n<script type=\"application\/ld+json\" class=\"yoast-schema-graph\">{\"@context\":\"https:\\\/\\\/schema.org\",\"@graph\":[{\"@type\":\"WebPage\",\"@id\":\"https:\\\/\\\/argentinatrails.com\\\/fra\\\/voyagez-de-motivation\\\/\",\"url\":\"https:\\\/\\\/argentinatrails.com\\\/fra\\\/voyagez-de-motivation\\\/\",\"name\":\"VOYAGES DE MOTIVATION - Argentina Trails\",\"isPartOf\":{\"@id\":\"https:\\\/\\\/argentinatrails.com\\\/fra\\\/#website\"},\"datePublished\":\"2022-11-05T15:11:30+00:00\",\"dateModified\":\"2023-09-04T14:24:48+00:00\",\"inLanguage\":\"fr-FR\",\"potentialAction\":[{\"@type\":\"ReadAction\",\"target\":[\"https:\\\/\\\/argentinatrails.com\\\/fra\\\/voyagez-de-motivation\\\/\"]}]},{\"@type\":\"WebSite\",\"@id\":\"https:\\\/\\\/argentinatrails.com\\\/fra\\\/#website\",\"url\":\"https:\\\/\\\/argentinatrails.com\\\/fra\\\/\",\"name\":\"Argentina Trails\",\"description\":\"Experience the Mountain Life\",\"potentialAction\":[{\"@type\":\"SearchAction\",\"target\":{\"@type\":\"EntryPoint\",\"urlTemplate\":\"https:\\\/\\\/argentinatrails.com\\\/fra\\\/?s={search_term_string}\"},\"query-input\":{\"@type\":\"PropertyValueSpecification\",\"valueRequired\":true,\"valueName\":\"search_term_string\"}}],\"inLanguage\":\"fr-FR\"}]}<\/script>\n<!-- \/ Yoast SEO plugin. -->","yoast_head_json":{"title":"VOYAGES DE MOTIVATION - Argentina Trails","robots":{"index":"index","follow":"follow","max-snippet":"max-snippet:-1","max-image-preview":"max-image-preview:large","max-video-preview":"max-video-preview:-1"},"canonical":"https:\/\/argentinatrails.com\/fra\/voyagez-de-motivation\/","og_locale":"fr_FR","og_type":"article","og_title":"VOYAGES DE MOTIVATION - Argentina Trails","og_description":"[vc_row][vc_column][\/vc_column][\/vc_row][vc_row css=\u00a0\u00bb.vc_custom_1668735715456{padding-top: 65px !important;background-position: center !important;background-repeat: no-repeat !important;background-size: cover !important;}\u00a0\u00bb][vc_column][\/vc_column][\/vc_row][vc_row][vc_column width=\u00a0\u00bb1\/6&Prime;][\/vc_column][vc_column width=\u00a0\u00bb2\/3&Prime;][vc_row_inner][vc_column_inner width=\u00a0\u00bb1\/3&Prime;][vc_empty_space][\/vc_column_inner][vc_column_inner width=\u00a0\u00bb1\/3&Prime;][vc_empty_space][\/vc_column_inner][vc_column_inner width=\u00a0\u00bb1\/3&Prime;][vc_empty_space][\/vc_column_inner][\/vc_row_inner][\/vc_column][vc_column width=\u00a0\u00bb1\/6&Prime;][\/vc_column][\/vc_row][vc_row][vc_column][vc_empty_space][vc_zigzag][vc_empty_space][\/vc_column][\/vc_row][vc_row][vc_column width=\u00a0\u00bb1\/6&Prime;][\/vc_column][vc_column width=\u00a0\u00bb2\/3&Prime;][vc_row_inner][vc_column_inner][vc_empty_space][\/vc_column_inner][\/vc_row_inner][\/vc_column][vc_column width=\u00a0\u00bb1\/6&Prime;][\/vc_column][\/vc_row][vc_row][vc_column][vc_empty_space height=\u00a0\u00bb50px\u00a0\u00bb][\/vc_column][\/vc_row]","og_url":"https:\/\/argentinatrails.com\/fra\/voyagez-de-motivation\/","og_site_name":"Argentina Trails","article_modified_time":"2023-09-04T14:24:48+00:00","twitter_card":"summary_large_image","twitter_misc":{"Dur\u00e9e de lecture estim\u00e9e":"2 minutes"},"schema":{"@context":"https:\/\/schema.org","@graph":[{"@type":"WebPage","@id":"https:\/\/argentinatrails.com\/fra\/voyagez-de-motivation\/","url":"https:\/\/argentinatrails.com\/fra\/voyagez-de-motivation\/","name":"VOYAGES DE MOTIVATION - Argentina Trails","isPartOf":{"@id":"https:\/\/argentinatrails.com\/fra\/#website"},"datePublished":"2022-11-05T15:11:30+00:00","dateModified":"2023-09-04T14:24:48+00:00","inLanguage":"fr-FR","potentialAction":[{"@type":"ReadAction","target":["https:\/\/argentinatrails.com\/fra\/voyagez-de-motivation\/"]}]},{"@type":"WebSite","@id":"https:\/\/argentinatrails.com\/fra\/#website","url":"https:\/\/argentinatrails.com\/fra\/","name":"Argentina Trails","description":"Experience the Mountain Life","potentialAction":[{"@type":"SearchAction","target":{"@type":"EntryPoint","urlTemplate":"https:\/\/argentinatrails.com\/fra\/?s={search_term_string}"},"query-input":{"@type":"PropertyValueSpecification","valueRequired":true,"valueName":"search_term_string"}}],"inLanguage":"fr-FR"}]}},"_links":{"self":[{"href":"https:\/\/argentinatrails.com\/fra\/wp-json\/wp\/v2\/pages\/3676","targetHints":{"allow":["GET"]}}],"collection":[{"href":"https:\/\/argentinatrails.com\/fra\/wp-json\/wp\/v2\/pages"}],"about":[{"href":"https:\/\/argentinatrails.com\/fra\/wp-json\/wp\/v2\/types\/page"}],"author":[{"embeddable":true,"href":"https:\/\/argentinatrails.com\/fra\/wp-json\/wp\/v2\/users\/2"}],"replies":[{"embeddable":true,"href":"https:\/\/argentinatrails.com\/fra\/wp-json\/wp\/v2\/comments?post=3676"}],"version-history":[{"count":36,"href":"https:\/\/argentinatrails.com\/fra\/wp-json\/wp\/v2\/pages\/3676\/revisions"}],"predecessor-version":[{"id":4785,"href":"https:\/\/argentinatrails.com\/fra\/wp-json\/wp\/v2\/pages\/3676\/revisions\/4785"}],"wp:attachment":[{"href":"https:\/\/argentinatrails.com\/fra\/wp-json\/wp\/v2\/media?parent=3676"}],"curies":[{"name":"wp","href":"https:\/\/api.w.org\/{rel}","templated":true}]}}