{"id":3633,"date":"2022-11-04T23:56:24","date_gmt":"2022-11-04T23:56:24","guid":{"rendered":"https:\/\/argentinatrails.com\/fra\/?page_id=3633"},"modified":"2023-08-18T02:15:50","modified_gmt":"2023-08-18T02:15:50","slug":"trekking-vallecito","status":"publish","type":"page","link":"https:\/\/argentinatrails.com\/fra\/trekking-vallecito\/","title":{"rendered":"Trekking Vallecito"},"content":{"rendered":"<p>[vc_row anchor=\u00a0\u00bbbrief-history\u00a0\u00bb css=\u00a0\u00bb.vc_custom_1691500597670{margin-right: 65px !important;margin-left: 65px !important;border-right-width: 65px !important;border-left-width: 65px !important;padding-top: 65px !important;}\u00a0\u00bb][vc_column css=\u00a0\u00bb.vc_custom_1691500588287{border-right-width: 65px !important;border-left-width: 65px !important;}\u00a0\u00bb][vc_row_inner css=\u00a0\u00bb.vc_custom_1691500574971{border-right-width: 65px !important;border-left-width: 65px !important;}\u00a0\u00bb][vc_column_inner width=\u00a0\u00bb1\/2&Prime;]<div class=\"mkdf-section-title-holder  \" >\n\t<div class=\"mkdf-st-inner\">\n\t\t\t\t\t\t\t<h3 class=\"mkdf-st-title\" >\n                            TREKKING VALLECITO            \t\t\t<\/h3>\n\t\t\t\t\t\t\t<\/div>\n<\/div>[\/vc_column_inner][vc_column_inner width=\u00a0\u00bb1\/2&Prime;][vc_column_text]<\/p>\n<p style=\"text-align: right; font-size: larger; font-style: italic;\"><strong>Viv\u00ed esta fant\u00e1stica experiencia en el Noroeste Argentino. <\/strong><\/p>\n<p>[\/vc_column_text][\/vc_column_inner][\/vc_row_inner][vc_zigzag][vc_column_text]<\/p>\n<p style=\"text-align: justify;\">\u00bfEst\u00e1s listo para un trek repleto de paisajes fascinantes?<\/p>\n<p style=\"text-align: justify;\">Este Trek de 43 kms, es una combinaci\u00f3n de las incre\u00edbles vistas de los Valles Calchaqu\u00edes, donde te sentir\u00e1s fascinado desde el comienzo de la aventura. Un camino zigzagueante entre monta\u00f1as multicolores nos conduce hasta la Quebrada de Vallecitos y su incre\u00edble mirador. Atravesaremos tupidos cardonales, culturas precolombinas y vivencias en comunidades andinas donde solo se llega a trav\u00e9s de pasos y senderos.<\/p>\n<p style=\"text-align: justify;\">\u00a1Una traves\u00eda repleta de paisajes dignos de ser contemplados!<\/p>\n<p><em>#ExperienceTheMountainLife<\/em>[\/vc_column_text][vc_empty_space][vc_column_text]<\/p>\n<table class=\"styled-table\">\n<thead>\n<tr>\n<td style=\"text-align: center;\"><strong>Distancia Total<\/strong><\/td>\n<td style=\"text-align: center;\"><strong>Dificultad<\/strong><\/td>\n<td style=\"text-align: center;\"><strong>Altura M\u00e1xima<\/strong><\/td>\n<td style=\"text-align: center;\"><strong>Cant. M\u00ednima Pasajeros<\/strong><\/td>\n<\/tr>\n<\/thead>\n<tbody>\n<tr>\n<td>52,8 Km<\/td>\n<td>Media<\/td>\n<td>2959 msnm<\/td>\n<td>3<\/td>\n<\/tr>\n<\/tbody>\n<\/table>\n<p>[\/vc_column_text][\/vc_column][\/vc_row][vc_row anchor=\u00a0\u00bbbrief-history\u00a0\u00bb css=\u00a0\u00bb.vc_custom_1678213003423{margin-top: 40px !important;}\u00a0\u00bb][vc_column]<div class=\"mkdf-clients-carousel-holder mkdf-cc-hover-switch-images\">\n\t<div class=\"mkdf-cc-inner mkdf-owl-slider\" data-number-of-items=\"3\" data-enable-loop=\"yes\" data-enable-autoplay=\"yes\" data-slider-speed=\"5000\" data-slider-speed-animation=\"600\" data-enable-navigation=\"yes\" data-enable-pagination=\"no\">\n\t\t<div class=\"mkdf-cc-item mkdf-item-space mkdf-cci-no-link\">\n\t\t\t\t\t\t<img decoding=\"async\" itemprop=\"image\" class=\"mkdf-cc-image\" src=\"https:\/\/argentinatrails.com\/fra\/wp-content\/uploads\/2023\/03\/vallecitos-1.jpg\" alt=\"trekking\" \/>\n\t\t\t\t\t\t\t<img decoding=\"async\" itemprop=\"image\" class=\"mkdf-cc-hover-image\" src=\"https:\/\/argentinatrails.com\/fra\/wp-content\/uploads\/2023\/03\/vallecitos-1.jpg\" alt=\"trekking\" \/>\n\t\t\t<\/div><div class=\"mkdf-cc-item mkdf-item-space mkdf-cci-no-link\">\n\t\t\t\t\t\t<img decoding=\"async\" itemprop=\"image\" class=\"mkdf-cc-image\" src=\"https:\/\/argentinatrails.com\/fra\/wp-content\/uploads\/2023\/03\/vallecitos-2.jpg\" alt=\"arriero de trekking\" \/>\n\t\t\t\t\t\t\t<img decoding=\"async\" itemprop=\"image\" class=\"mkdf-cc-hover-image\" src=\"https:\/\/argentinatrails.com\/fra\/wp-content\/uploads\/2023\/03\/vallecitos-2.jpg\" alt=\"arriero de trekking\" \/>\n\t\t\t<\/div><div class=\"mkdf-cc-item mkdf-item-space mkdf-cci-no-link\">\n\t\t\t\t\t\t<img decoding=\"async\" itemprop=\"image\" class=\"mkdf-cc-image\" src=\"https:\/\/argentinatrails.com\/fra\/wp-content\/uploads\/2023\/03\/vallecitos-3.jpg\" alt=\"trekking\" \/>\n\t\t\t\t\t\t\t<img decoding=\"async\" itemprop=\"image\" class=\"mkdf-cc-hover-image\" src=\"https:\/\/argentinatrails.com\/fra\/wp-content\/uploads\/2023\/03\/vallecitos-3.jpg\" alt=\"trekking\" \/>\n\t\t\t<\/div><div class=\"mkdf-cc-item mkdf-item-space mkdf-cci-no-link\">\n\t\t\t\t\t\t<img decoding=\"async\" itemprop=\"image\" class=\"mkdf-cc-image\" src=\"https:\/\/argentinatrails.com\/fra\/wp-content\/uploads\/2023\/03\/vallecitos-4.jpg\" alt=\"trekking\" \/>\n\t\t\t\t\t\t\t<img decoding=\"async\" itemprop=\"image\" class=\"mkdf-cc-hover-image\" src=\"https:\/\/argentinatrails.com\/fra\/wp-content\/uploads\/2023\/03\/vallecitos-4.jpg\" alt=\"trekking\" \/>\n\t\t\t<\/div><div class=\"mkdf-cc-item mkdf-item-space mkdf-cci-no-link\">\n\t\t\t\t\t\t<img decoding=\"async\" itemprop=\"image\" class=\"mkdf-cc-image\" src=\"https:\/\/argentinatrails.com\/fra\/wp-content\/uploads\/2023\/03\/vallecitos-6.jpg\" alt=\"arrieros trekking\" \/>\n\t\t\t\t\t\t\t<img decoding=\"async\" itemprop=\"image\" class=\"mkdf-cc-hover-image\" src=\"https:\/\/argentinatrails.com\/fra\/wp-content\/uploads\/2023\/03\/vallecitos-6.jpg\" alt=\"arrieros trekking\" \/>\n\t\t\t<\/div><div class=\"mkdf-cc-item mkdf-item-space mkdf-cci-no-link\">\n\t\t\t\t\t\t<img decoding=\"async\" itemprop=\"image\" class=\"mkdf-cc-image\" src=\"https:\/\/argentinatrails.com\/fra\/wp-content\/uploads\/2023\/03\/vallecitos-7.jpg\" alt=\"trekking\" \/>\n\t\t\t\t\t\t\t<img decoding=\"async\" itemprop=\"image\" class=\"mkdf-cc-hover-image\" src=\"https:\/\/argentinatrails.com\/fra\/wp-content\/uploads\/2023\/03\/vallecitos-7.jpg\" alt=\"trekking\" \/>\n\t\t\t<\/div>\t<\/div>\n<\/div>[\/vc_column][\/vc_row]<\/p>\n","protected":false},"excerpt":{"rendered":"<p>[vc_row anchor=\u00a0\u00bbbrief-history\u00a0\u00bb css=\u00a0\u00bb.vc_custom_1691500597670{margin-right: 65px !important;margin-left: 65px !important;border-right-width: 65px !important;border-left-width: 65px !important;padding-top: 65px !important;}\u00a0\u00bb][vc_column css=\u00a0\u00bb.vc_custom_1691500588287{border-right-width: 65px !important;border-left-width: 65px !important;}\u00a0\u00bb][vc_row_inner css=\u00a0\u00bb.vc_custom_1691500574971{border-right-width: 65px !important;border-left-width: 65px !important;}\u00a0\u00bb][vc_column_inner width=\u00a0\u00bb1\/2&Prime;][\/vc_column_inner][vc_column_inner width=\u00a0\u00bb1\/2&Prime;][vc_column_text] Viv\u00ed esta fant\u00e1stica experiencia en el Noroeste Argentino. [\/vc_column_text][\/vc_column_inner][\/vc_row_inner][vc_zigzag][vc_column_text] \u00bfEst\u00e1s listo para un trek repleto [&hellip;]<\/p>\n","protected":false},"author":2,"featured_media":0,"parent":0,"menu_order":0,"comment_status":"closed","ping_status":"closed","template":"","meta":{"footnotes":""},"class_list":["post-3633","page","type-page","status-publish","hentry"],"yoast_head":"<!-- This site is optimized with the Yoast SEO plugin v27.5 - https:\/\/yoast.com\/product\/yoast-seo-wordpress\/ -->\n<title>Trekking Vallecito - Argentina Trails<\/title>\n<meta name=\"robots\" content=\"index, follow, max-snippet:-1, max-image-preview:large, max-video-preview:-1\" \/>\n<link rel=\"canonical\" href=\"https:\/\/argentinatrails.com\/fra\/trekking-vallecito\/\" \/>\n<meta property=\"og:locale\" content=\"fr_FR\" \/>\n<meta property=\"og:type\" content=\"article\" \/>\n<meta property=\"og:title\" content=\"Trekking Vallecito - Argentina Trails\" \/>\n<meta property=\"og:description\" content=\"[vc_row anchor=\u00a0\u00bbbrief-history\u00a0\u00bb css=\u00a0\u00bb.vc_custom_1691500597670{margin-right: 65px !important;margin-left: 65px !important;border-right-width: 65px !important;border-left-width: 65px !important;padding-top: 65px !important;}\u00a0\u00bb][vc_column css=\u00a0\u00bb.vc_custom_1691500588287{border-right-width: 65px !important;border-left-width: 65px !important;}\u00a0\u00bb][vc_row_inner css=\u00a0\u00bb.vc_custom_1691500574971{border-right-width: 65px !important;border-left-width: 65px !important;}\u00a0\u00bb][vc_column_inner width=\u00a0\u00bb1\/2&Prime;][\/vc_column_inner][vc_column_inner width=\u00a0\u00bb1\/2&Prime;][vc_column_text] Viv\u00ed esta fant\u00e1stica experiencia en el Noroeste Argentino. [\/vc_column_text][\/vc_column_inner][\/vc_row_inner][vc_zigzag][vc_column_text] \u00bfEst\u00e1s listo para un trek repleto [&hellip;]\" \/>\n<meta property=\"og:url\" content=\"https:\/\/argentinatrails.com\/fra\/trekking-vallecito\/\" \/>\n<meta property=\"og:site_name\" content=\"Argentina Trails\" \/>\n<meta property=\"article:modified_time\" content=\"2023-08-18T02:15:50+00:00\" \/>\n<meta name=\"twitter:card\" content=\"summary_large_image\" \/>\n<meta name=\"twitter:label1\" content=\"Dur\u00e9e de lecture estim\u00e9e\" \/>\n\t<meta name=\"twitter:data1\" content=\"1 minute\" \/>\n<script type=\"application\/ld+json\" class=\"yoast-schema-graph\">{\"@context\":\"https:\\\/\\\/schema.org\",\"@graph\":[{\"@type\":\"WebPage\",\"@id\":\"https:\\\/\\\/argentinatrails.com\\\/fra\\\/trekking-vallecito\\\/\",\"url\":\"https:\\\/\\\/argentinatrails.com\\\/fra\\\/trekking-vallecito\\\/\",\"name\":\"Trekking Vallecito - Argentina Trails\",\"isPartOf\":{\"@id\":\"https:\\\/\\\/argentinatrails.com\\\/fra\\\/#website\"},\"datePublished\":\"2022-11-04T23:56:24+00:00\",\"dateModified\":\"2023-08-18T02:15:50+00:00\",\"inLanguage\":\"fr-FR\",\"potentialAction\":[{\"@type\":\"ReadAction\",\"target\":[\"https:\\\/\\\/argentinatrails.com\\\/fra\\\/trekking-vallecito\\\/\"]}]},{\"@type\":\"WebSite\",\"@id\":\"https:\\\/\\\/argentinatrails.com\\\/fra\\\/#website\",\"url\":\"https:\\\/\\\/argentinatrails.com\\\/fra\\\/\",\"name\":\"Argentina Trails\",\"description\":\"Experience the Mountain Life\",\"potentialAction\":[{\"@type\":\"SearchAction\",\"target\":{\"@type\":\"EntryPoint\",\"urlTemplate\":\"https:\\\/\\\/argentinatrails.com\\\/fra\\\/?s={search_term_string}\"},\"query-input\":{\"@type\":\"PropertyValueSpecification\",\"valueRequired\":true,\"valueName\":\"search_term_string\"}}],\"inLanguage\":\"fr-FR\"}]}<\/script>\n<!-- \/ Yoast SEO plugin. -->","yoast_head_json":{"title":"Trekking Vallecito - Argentina Trails","robots":{"index":"index","follow":"follow","max-snippet":"max-snippet:-1","max-image-preview":"max-image-preview:large","max-video-preview":"max-video-preview:-1"},"canonical":"https:\/\/argentinatrails.com\/fra\/trekking-vallecito\/","og_locale":"fr_FR","og_type":"article","og_title":"Trekking Vallecito - Argentina Trails","og_description":"[vc_row anchor=\u00a0\u00bbbrief-history\u00a0\u00bb css=\u00a0\u00bb.vc_custom_1691500597670{margin-right: 65px !important;margin-left: 65px !important;border-right-width: 65px !important;border-left-width: 65px !important;padding-top: 65px !important;}\u00a0\u00bb][vc_column css=\u00a0\u00bb.vc_custom_1691500588287{border-right-width: 65px !important;border-left-width: 65px !important;}\u00a0\u00bb][vc_row_inner css=\u00a0\u00bb.vc_custom_1691500574971{border-right-width: 65px !important;border-left-width: 65px !important;}\u00a0\u00bb][vc_column_inner width=\u00a0\u00bb1\/2&Prime;][\/vc_column_inner][vc_column_inner width=\u00a0\u00bb1\/2&Prime;][vc_column_text] Viv\u00ed esta fant\u00e1stica experiencia en el Noroeste Argentino. [\/vc_column_text][\/vc_column_inner][\/vc_row_inner][vc_zigzag][vc_column_text] \u00bfEst\u00e1s listo para un trek repleto [&hellip;]","og_url":"https:\/\/argentinatrails.com\/fra\/trekking-vallecito\/","og_site_name":"Argentina Trails","article_modified_time":"2023-08-18T02:15:50+00:00","twitter_card":"summary_large_image","twitter_misc":{"Dur\u00e9e de lecture estim\u00e9e":"1 minute"},"schema":{"@context":"https:\/\/schema.org","@graph":[{"@type":"WebPage","@id":"https:\/\/argentinatrails.com\/fra\/trekking-vallecito\/","url":"https:\/\/argentinatrails.com\/fra\/trekking-vallecito\/","name":"Trekking Vallecito - Argentina Trails","isPartOf":{"@id":"https:\/\/argentinatrails.com\/fra\/#website"},"datePublished":"2022-11-04T23:56:24+00:00","dateModified":"2023-08-18T02:15:50+00:00","inLanguage":"fr-FR","potentialAction":[{"@type":"ReadAction","target":["https:\/\/argentinatrails.com\/fra\/trekking-vallecito\/"]}]},{"@type":"WebSite","@id":"https:\/\/argentinatrails.com\/fra\/#website","url":"https:\/\/argentinatrails.com\/fra\/","name":"Argentina Trails","description":"Experience the Mountain Life","potentialAction":[{"@type":"SearchAction","target":{"@type":"EntryPoint","urlTemplate":"https:\/\/argentinatrails.com\/fra\/?s={search_term_string}"},"query-input":{"@type":"PropertyValueSpecification","valueRequired":true,"valueName":"search_term_string"}}],"inLanguage":"fr-FR"}]}},"_links":{"self":[{"href":"https:\/\/argentinatrails.com\/fra\/wp-json\/wp\/v2\/pages\/3633","targetHints":{"allow":["GET"]}}],"collection":[{"href":"https:\/\/argentinatrails.com\/fra\/wp-json\/wp\/v2\/pages"}],"about":[{"href":"https:\/\/argentinatrails.com\/fra\/wp-json\/wp\/v2\/types\/page"}],"author":[{"embeddable":true,"href":"https:\/\/argentinatrails.com\/fra\/wp-json\/wp\/v2\/users\/2"}],"replies":[{"embeddable":true,"href":"https:\/\/argentinatrails.com\/fra\/wp-json\/wp\/v2\/comments?post=3633"}],"version-history":[{"count":17,"href":"https:\/\/argentinatrails.com\/fra\/wp-json\/wp\/v2\/pages\/3633\/revisions"}],"predecessor-version":[{"id":4699,"href":"https:\/\/argentinatrails.com\/fra\/wp-json\/wp\/v2\/pages\/3633\/revisions\/4699"}],"wp:attachment":[{"href":"https:\/\/argentinatrails.com\/fra\/wp-json\/wp\/v2\/media?parent=3633"}],"curies":[{"name":"wp","href":"https:\/\/api.w.org\/{rel}","templated":true}]}}