{"id":3603,"date":"2022-11-04T20:45:48","date_gmt":"2022-11-04T20:45:48","guid":{"rendered":"https:\/\/argentinatrails.com\/fra\/?page_id=3603"},"modified":"2026-03-10T12:30:21","modified_gmt":"2026-03-10T12:30:21","slug":"mont-cachi","status":"publish","type":"page","link":"https:\/\/argentinatrails.com\/fra\/mont-cachi\/","title":{"rendered":"Mont Cachi"},"content":{"rendered":"<p>[vc_row anchor=\u00a0\u00bbbrief-history\u00a0\u00bb css=\u00a0\u00bb.vc_custom_1677959612449{margin-bottom: 40px !important;}\u00a0\u00bb][vc_column]<div class=\"mkdf-clients-carousel-holder mkdf-cc-hover-switch-images\">\n\t<div class=\"mkdf-cc-inner mkdf-owl-slider\" data-number-of-items=\"3\" data-enable-loop=\"yes\" data-enable-autoplay=\"yes\" data-slider-speed=\"5000\" data-slider-speed-animation=\"600\" data-enable-navigation=\"yes\" data-enable-pagination=\"no\">\n\t\t<div class=\"mkdf-cc-item mkdf-item-space mkdf-cci-no-link\">\n\t\t\t\t\t\t<img decoding=\"async\" itemprop=\"image\" class=\"mkdf-cc-image\" src=\"https:\/\/argentinatrails.com\/fra\/wp-content\/uploads\/2023\/03\/cachi-1.jpg\" alt=\"camino al nevado de cachi\" \/>\n\t\t\t\t\t\t\t<img decoding=\"async\" itemprop=\"image\" class=\"mkdf-cc-hover-image\" src=\"https:\/\/argentinatrails.com\/fra\/wp-content\/uploads\/2023\/03\/cachi-1.jpg\" alt=\"camino al nevado de cachi\" \/>\n\t\t\t<\/div><div class=\"mkdf-cc-item mkdf-item-space mkdf-cci-no-link\">\n\t\t\t\t\t\t<img decoding=\"async\" itemprop=\"image\" class=\"mkdf-cc-image\" src=\"https:\/\/argentinatrails.com\/fra\/wp-content\/uploads\/2023\/03\/cachi-2.jpg\" alt=\"expedicion de alta monta\u00f1a\" \/>\n\t\t\t\t\t\t\t<img decoding=\"async\" itemprop=\"image\" class=\"mkdf-cc-hover-image\" src=\"https:\/\/argentinatrails.com\/fra\/wp-content\/uploads\/2023\/03\/cachi-2.jpg\" alt=\"expedicion de alta monta\u00f1a\" \/>\n\t\t\t<\/div><div class=\"mkdf-cc-item mkdf-item-space mkdf-cci-no-link\">\n\t\t\t\t\t\t<img decoding=\"async\" itemprop=\"image\" class=\"mkdf-cc-image\" src=\"https:\/\/argentinatrails.com\/fra\/wp-content\/uploads\/2023\/03\/cachi-3.jpg\" alt=\"expedicion de alta monta\u00f1a en el nevado de cachi\" \/>\n\t\t\t\t\t\t\t<img decoding=\"async\" itemprop=\"image\" class=\"mkdf-cc-hover-image\" src=\"https:\/\/argentinatrails.com\/fra\/wp-content\/uploads\/2023\/03\/cachi-3.jpg\" alt=\"expedicion de alta monta\u00f1a en el nevado de cachi\" \/>\n\t\t\t<\/div><div class=\"mkdf-cc-item mkdf-item-space mkdf-cci-no-link\">\n\t\t\t\t\t\t<img decoding=\"async\" itemprop=\"image\" class=\"mkdf-cc-image\" src=\"https:\/\/argentinatrails.com\/fra\/wp-content\/uploads\/2023\/03\/cachi-4.jpg\" alt=\"trekking expedicion de alta monta\u00f1a\" \/>\n\t\t\t\t\t\t\t<img decoding=\"async\" itemprop=\"image\" class=\"mkdf-cc-hover-image\" src=\"https:\/\/argentinatrails.com\/fra\/wp-content\/uploads\/2023\/03\/cachi-4.jpg\" alt=\"trekking expedicion de alta monta\u00f1a\" \/>\n\t\t\t<\/div><div class=\"mkdf-cc-item mkdf-item-space mkdf-cci-no-link\">\n\t\t\t\t\t\t<img decoding=\"async\" itemprop=\"image\" class=\"mkdf-cc-image\" src=\"https:\/\/argentinatrails.com\/fra\/wp-content\/uploads\/2023\/03\/cachi-5.jpg\" alt=\"cumbre nevado de cachi\" \/>\n\t\t\t\t\t\t\t<img decoding=\"async\" itemprop=\"image\" class=\"mkdf-cc-hover-image\" src=\"https:\/\/argentinatrails.com\/fra\/wp-content\/uploads\/2023\/03\/cachi-5.jpg\" alt=\"cumbre nevado de cachi\" \/>\n\t\t\t<\/div><div class=\"mkdf-cc-item mkdf-item-space mkdf-cci-no-link\">\n\t\t\t\t\t\t<img decoding=\"async\" itemprop=\"image\" class=\"mkdf-cc-image\" src=\"https:\/\/argentinatrails.com\/fra\/wp-content\/uploads\/2023\/03\/cachi-6.jpg\" alt=\"expedicion de alta monta\u00f1a\" \/>\n\t\t\t\t\t\t\t<img decoding=\"async\" itemprop=\"image\" class=\"mkdf-cc-hover-image\" src=\"https:\/\/argentinatrails.com\/fra\/wp-content\/uploads\/2023\/03\/cachi-6.jpg\" alt=\"expedicion de alta monta\u00f1a\" \/>\n\t\t\t<\/div>\t<\/div>\n<\/div>[\/vc_column][\/vc_row][vc_row anchor=\u00a0\u00bbbrief-history\u00a0\u00bb][vc_column][vc_row_inner][vc_column_inner width=\u00a0\u00bb1\/2&Prime;]<div class=\"mkdf-section-title-holder  \" >\n\t<div class=\"mkdf-st-inner\">\n\t\t\t\t\t\t\t<h3 class=\"mkdf-st-title\" >\n                            MONT CACHI            \t\t\t<\/h3>\n\t\t\t\t\t\t\t<\/div>\n<\/div>[\/vc_column_inner][vc_column_inner width=\u00a0\u00bb1\/2&Prime;][vc_column_text]<\/p>\n<p style=\"text-align: right; font-size: larger; font-style: italic;\"><strong>Une exp\u00e9dition dans l\u2019un des massifs les plus impressionnants et les moins explor\u00e9s du Nord-Ouest argentin<\/strong><\/p>\n<p>[\/vc_column_text][\/vc_column_inner][\/vc_row_inner][vc_zigzag][vc_column_text]Le Nevado de Cachi (6 380 m) est la montagne la plus haute des Vall\u00e9es Calchaqu\u00edes et repr\u00e9sente l\u2019un des grands d\u00e9fis de l\u2019alpinisme dans la province de Salta. Ce massif montagneux s\u2019\u00e9tend du nord au sud et comprend plusieurs sommets dominant le paysage andin, dont le plus \u00e9lev\u00e9 est la cime General San Mart\u00edn.<\/p>\n<p><em>#ExperienceTheMountainLife<\/em>[\/vc_column_text][\/vc_column][\/vc_row][vc_row css=\u00a0\u00bb.vc_custom_1574855409312{padding-top: 72px !important;padding-bottom: 30px !important;}\u00a0\u00bb][vc_column][vc_separator][\/vc_column][\/vc_row][vc_row][vc_column][vc_tta_accordion style=\u00a0\u00bbflat\u00a0\u00bb shape=\u00a0\u00bbsquare\u00a0\u00bb active_section=\u00a0\u00bb0&Prime; collapsible_all=\u00a0\u00bbtrue\u00a0\u00bb][vc_tta_section title=\u00a0\u00bbVue d&rsquo;ensemble\u00a0\u00bb tab_id=\u00a0\u00bb1681999210091-8889c30b-3a60&Prime;][vc_column_text]<\/p>\n<ul>\n<li>Altitude maximale : 6 380 m<\/li>\n<li>R\u00e9gion : Vall\u00e9es Calchaqu\u00edes. Province de Salta, Argentine<\/li>\n<li>Type de terrain : Haute montagne, trekking et ascension de haute altitude<\/li>\n<li>Difficult\u00e9 : \u00c9lev\u00e9e<\/li>\n<\/ul>\n<p>Nous avons con\u00e7u cette ascension avec une planification minutieuse, en privil\u00e9giant une acclimatation progressive, la s\u00e9curit\u00e9 et une logistique professionnelle afin d\u2019offrir une exp\u00e9rience intense et bien organis\u00e9e dans l\u2019un des environnements les plus spectaculaires du nord de l\u2019Argentine.[\/vc_column_text][\/vc_tta_section][vc_tta_section title=\u00a0\u00bbPOURQUOI NOUS CHOISIR?\u00a0\u00bb tab_id=\u00a0\u00bb1681999210103-ca11d601-dd98&Prime;][vc_column_text]Argentina Trails se distingue par plus de 18 ans d\u2019exp\u00e9rience dans l\u2019organisation d\u2019exp\u00e9ditions dans les Andes du Nord-Ouest argentin. Notre \u00e9quipe combine une connaissance approfondie du territoire avec une logistique professionnelle afin d\u2019offrir une exp\u00e9rience d\u2019alpinisme s\u00fbre et de grande qualit\u00e9.<\/p>\n<p>Nos exp\u00e9ditions sont dirig\u00e9es par des guides de montagne qualifi\u00e9s et exp\u00e9riment\u00e9s, soutenus par des \u00e9quipes logistiques locales qui connaissent parfaitement la r\u00e9gion et son environnement.<\/p>\n<p>La s\u00e9curit\u00e9 de nos clients est notre priorit\u00e9. Pour cette raison, nous proposons :<\/p>\n<ul>\n<li>Une planification et une logistique professionnelles<\/li>\n<li>Des guides exp\u00e9riment\u00e9s en haute montagne<\/li>\n<li>Du mat\u00e9riel de premiers secours<\/li>\n<li>Des syst\u00e8mes de communication satellite<\/li>\n<li>Des \u00e9quipes et transports 4WD<\/li>\n<\/ul>\n<p>Nous prenons soin de chaque d\u00e9tail afin que vous puissiez profiter pleinement de l\u2019exp\u00e9dition en toute s\u00e9curit\u00e9 et confiance.[\/vc_column_text][\/vc_tta_section][vc_tta_section title=\u00a0\u00bb\u00c0 Qui S\u2019Adresse Cette Exp\u00e9dition\u00a0\u00bb tab_id=\u00a0\u00bb1681999212808-3c39d6ad-57b3&Prime;][vc_column_text]&#x2714;&#xfe0f; Alpinistes ayant une exp\u00e9rience pr\u00e9alable en altitude (id\u00e9alement au-del\u00e0 de 5 000 m)<br \/>\n&#x2714;&#xfe0f; Personnes habitu\u00e9es aux trekkings de plusieurs jours et aux environnements de haute montagne<br \/>\n&#x2714;&#xfe0f; Aventuriers \u00e0 la recherche d\u2019une exp\u00e9dition plus authentique et moins fr\u00e9quent\u00e9e dans les Andes<br \/>\n&#x2714;&#xfe0f; Voyageurs qui privil\u00e9gient la s\u00e9curit\u00e9, la logistique professionnelle et l\u2019expertise locale<\/p>\n<p>Bien que le Nevado de Cachi ne pr\u00e9sente pas de difficult\u00e9s techniques majeures, son altitude et son isolement exigent une bonne condition physique et une exp\u00e9rience pr\u00e9alable en montagne.[\/vc_column_text][\/vc_tta_section][vc_tta_section title=\u00a0\u00bbLogistique et S\u00e9curit\u00e9\u00a0\u00bb tab_id=\u00a0\u00bb1773145769415-dfc31a2e-8a7d\u00a0\u00bb][vc_column_text]Nos exp\u00e9ditions s\u2019appuient sur des \u00e9quipes logistiques locales exp\u00e9riment\u00e9es, garantissant une organisation efficace dans cette r\u00e9gion isol\u00e9e des Andes.<\/p>\n<p>Nous op\u00e9rons avec :<\/p>\n<ul>\n<li>Des chefs d\u2019exp\u00e9dition sp\u00e9cialis\u00e9s en haute altitude<\/li>\n<li>Des syst\u00e8mes de communication satellite<\/li>\n<li>Du mat\u00e9riel de premiers secours et des protocoles d\u2019urgence<\/li>\n<li>Des \u00e9quipes de soutien ayant une grande connaissance de la r\u00e9gion<\/li>\n<li>Une strat\u00e9gie d\u2019acclimatation progressive<\/li>\n<\/ul>\n<p>Dans un environnement de haute altitude comme celui du Nevado de Cachi, l\u2019exp\u00e9rience, la planification et la flexibilit\u00e9 sont essentielles pour la r\u00e9ussite de l\u2019exp\u00e9dition.[\/vc_column_text][\/vc_tta_section][\/vc_tta_accordion][\/vc_column][\/vc_row][vc_row css=\u00a0\u00bb.vc_custom_1574855409312{padding-top: 72px !important;padding-bottom: 30px !important;}\u00a0\u00bb][vc_column][vc_separator][\/vc_column][\/vc_row]<\/p>\n","protected":false},"excerpt":{"rendered":"<p>[vc_row anchor=\u00a0\u00bbbrief-history\u00a0\u00bb css=\u00a0\u00bb.vc_custom_1677959612449{margin-bottom: 40px !important;}\u00a0\u00bb][vc_column][\/vc_column][\/vc_row][vc_row anchor=\u00a0\u00bbbrief-history\u00a0\u00bb][vc_column][vc_row_inner][vc_column_inner width=\u00a0\u00bb1\/2&Prime;][\/vc_column_inner][vc_column_inner width=\u00a0\u00bb1\/2&Prime;][vc_column_text] Une exp\u00e9dition dans l\u2019un des massifs les plus impressionnants et les moins explor\u00e9s du Nord-Ouest argentin [\/vc_column_text][\/vc_column_inner][\/vc_row_inner][vc_zigzag][vc_column_text]Le Nevado de Cachi (6 380 m) est la montagne la plus haute des Vall\u00e9es Calchaqu\u00edes [&hellip;]<\/p>\n","protected":false},"author":2,"featured_media":0,"parent":0,"menu_order":0,"comment_status":"closed","ping_status":"closed","template":"","meta":{"footnotes":""},"class_list":["post-3603","page","type-page","status-publish","hentry"],"yoast_head":"<!-- This site is optimized with the Yoast SEO plugin v27.5 - https:\/\/yoast.com\/product\/yoast-seo-wordpress\/ -->\n<title>Mont Cachi - Argentina Trails<\/title>\n<meta name=\"robots\" content=\"index, follow, max-snippet:-1, max-image-preview:large, max-video-preview:-1\" \/>\n<link rel=\"canonical\" href=\"https:\/\/argentinatrails.com\/fra\/mont-cachi\/\" \/>\n<meta property=\"og:locale\" content=\"fr_FR\" \/>\n<meta property=\"og:type\" content=\"article\" \/>\n<meta property=\"og:title\" content=\"Mont Cachi - Argentina Trails\" \/>\n<meta property=\"og:description\" content=\"[vc_row anchor=\u00a0\u00bbbrief-history\u00a0\u00bb css=\u00a0\u00bb.vc_custom_1677959612449{margin-bottom: 40px !important;}\u00a0\u00bb][vc_column][\/vc_column][\/vc_row][vc_row anchor=\u00a0\u00bbbrief-history\u00a0\u00bb][vc_column][vc_row_inner][vc_column_inner width=\u00a0\u00bb1\/2&Prime;][\/vc_column_inner][vc_column_inner width=\u00a0\u00bb1\/2&Prime;][vc_column_text] Une exp\u00e9dition dans l\u2019un des massifs les plus impressionnants et les moins explor\u00e9s du Nord-Ouest argentin [\/vc_column_text][\/vc_column_inner][\/vc_row_inner][vc_zigzag][vc_column_text]Le Nevado de Cachi (6 380 m) est la montagne la plus haute des Vall\u00e9es Calchaqu\u00edes [&hellip;]\" \/>\n<meta property=\"og:url\" content=\"https:\/\/argentinatrails.com\/fra\/mont-cachi\/\" \/>\n<meta property=\"og:site_name\" content=\"Argentina Trails\" \/>\n<meta property=\"article:modified_time\" content=\"2026-03-10T12:30:21+00:00\" \/>\n<meta name=\"twitter:card\" content=\"summary_large_image\" \/>\n<meta name=\"twitter:label1\" content=\"Dur\u00e9e de lecture estim\u00e9e\" \/>\n\t<meta name=\"twitter:data1\" content=\"5 minutes\" \/>\n<script type=\"application\/ld+json\" class=\"yoast-schema-graph\">{\"@context\":\"https:\\\/\\\/schema.org\",\"@graph\":[{\"@type\":\"WebPage\",\"@id\":\"https:\\\/\\\/argentinatrails.com\\\/fra\\\/mont-cachi\\\/\",\"url\":\"https:\\\/\\\/argentinatrails.com\\\/fra\\\/mont-cachi\\\/\",\"name\":\"Mont Cachi - Argentina Trails\",\"isPartOf\":{\"@id\":\"https:\\\/\\\/argentinatrails.com\\\/fra\\\/#website\"},\"datePublished\":\"2022-11-04T20:45:48+00:00\",\"dateModified\":\"2026-03-10T12:30:21+00:00\",\"inLanguage\":\"fr-FR\",\"potentialAction\":[{\"@type\":\"ReadAction\",\"target\":[\"https:\\\/\\\/argentinatrails.com\\\/fra\\\/mont-cachi\\\/\"]}]},{\"@type\":\"WebSite\",\"@id\":\"https:\\\/\\\/argentinatrails.com\\\/fra\\\/#website\",\"url\":\"https:\\\/\\\/argentinatrails.com\\\/fra\\\/\",\"name\":\"Argentina Trails\",\"description\":\"Experience the Mountain Life\",\"potentialAction\":[{\"@type\":\"SearchAction\",\"target\":{\"@type\":\"EntryPoint\",\"urlTemplate\":\"https:\\\/\\\/argentinatrails.com\\\/fra\\\/?s={search_term_string}\"},\"query-input\":{\"@type\":\"PropertyValueSpecification\",\"valueRequired\":true,\"valueName\":\"search_term_string\"}}],\"inLanguage\":\"fr-FR\"}]}<\/script>\n<!-- \/ Yoast SEO plugin. -->","yoast_head_json":{"title":"Mont Cachi - Argentina Trails","robots":{"index":"index","follow":"follow","max-snippet":"max-snippet:-1","max-image-preview":"max-image-preview:large","max-video-preview":"max-video-preview:-1"},"canonical":"https:\/\/argentinatrails.com\/fra\/mont-cachi\/","og_locale":"fr_FR","og_type":"article","og_title":"Mont Cachi - Argentina Trails","og_description":"[vc_row anchor=\u00a0\u00bbbrief-history\u00a0\u00bb css=\u00a0\u00bb.vc_custom_1677959612449{margin-bottom: 40px !important;}\u00a0\u00bb][vc_column][\/vc_column][\/vc_row][vc_row anchor=\u00a0\u00bbbrief-history\u00a0\u00bb][vc_column][vc_row_inner][vc_column_inner width=\u00a0\u00bb1\/2&Prime;][\/vc_column_inner][vc_column_inner width=\u00a0\u00bb1\/2&Prime;][vc_column_text] Une exp\u00e9dition dans l\u2019un des massifs les plus impressionnants et les moins explor\u00e9s du Nord-Ouest argentin [\/vc_column_text][\/vc_column_inner][\/vc_row_inner][vc_zigzag][vc_column_text]Le Nevado de Cachi (6 380 m) est la montagne la plus haute des Vall\u00e9es Calchaqu\u00edes [&hellip;]","og_url":"https:\/\/argentinatrails.com\/fra\/mont-cachi\/","og_site_name":"Argentina Trails","article_modified_time":"2026-03-10T12:30:21+00:00","twitter_card":"summary_large_image","twitter_misc":{"Dur\u00e9e de lecture estim\u00e9e":"5 minutes"},"schema":{"@context":"https:\/\/schema.org","@graph":[{"@type":"WebPage","@id":"https:\/\/argentinatrails.com\/fra\/mont-cachi\/","url":"https:\/\/argentinatrails.com\/fra\/mont-cachi\/","name":"Mont Cachi - Argentina Trails","isPartOf":{"@id":"https:\/\/argentinatrails.com\/fra\/#website"},"datePublished":"2022-11-04T20:45:48+00:00","dateModified":"2026-03-10T12:30:21+00:00","inLanguage":"fr-FR","potentialAction":[{"@type":"ReadAction","target":["https:\/\/argentinatrails.com\/fra\/mont-cachi\/"]}]},{"@type":"WebSite","@id":"https:\/\/argentinatrails.com\/fra\/#website","url":"https:\/\/argentinatrails.com\/fra\/","name":"Argentina Trails","description":"Experience the Mountain Life","potentialAction":[{"@type":"SearchAction","target":{"@type":"EntryPoint","urlTemplate":"https:\/\/argentinatrails.com\/fra\/?s={search_term_string}"},"query-input":{"@type":"PropertyValueSpecification","valueRequired":true,"valueName":"search_term_string"}}],"inLanguage":"fr-FR"}]}},"_links":{"self":[{"href":"https:\/\/argentinatrails.com\/fra\/wp-json\/wp\/v2\/pages\/3603","targetHints":{"allow":["GET"]}}],"collection":[{"href":"https:\/\/argentinatrails.com\/fra\/wp-json\/wp\/v2\/pages"}],"about":[{"href":"https:\/\/argentinatrails.com\/fra\/wp-json\/wp\/v2\/types\/page"}],"author":[{"embeddable":true,"href":"https:\/\/argentinatrails.com\/fra\/wp-json\/wp\/v2\/users\/2"}],"replies":[{"embeddable":true,"href":"https:\/\/argentinatrails.com\/fra\/wp-json\/wp\/v2\/comments?post=3603"}],"version-history":[{"count":13,"href":"https:\/\/argentinatrails.com\/fra\/wp-json\/wp\/v2\/pages\/3603\/revisions"}],"predecessor-version":[{"id":4880,"href":"https:\/\/argentinatrails.com\/fra\/wp-json\/wp\/v2\/pages\/3603\/revisions\/4880"}],"wp:attachment":[{"href":"https:\/\/argentinatrails.com\/fra\/wp-json\/wp\/v2\/media?parent=3603"}],"curies":[{"name":"wp","href":"https:\/\/api.w.org\/{rel}","templated":true}]}}