{"id":3599,"date":"2022-11-04T20:42:12","date_gmt":"2022-11-04T20:42:12","guid":{"rendered":"https:\/\/argentinatrails.com\/fra\/?page_id=3599"},"modified":"2023-09-01T14:54:38","modified_gmt":"2023-09-01T14:54:38","slug":"mont-chani","status":"publish","type":"page","link":"https:\/\/argentinatrails.com\/fra\/mont-chani\/","title":{"rendered":"Mont Cha\u00f1i"},"content":{"rendered":"<p>[vc_row anchor=\u00a0\u00bbbrief-history\u00a0\u00bb css=\u00a0\u00bb.vc_custom_1691502557088{margin-bottom: 40px !important;background-position: center !important;background-repeat: no-repeat !important;background-size: cover !important;}\u00a0\u00bb][vc_column]<div class=\"mkdf-clients-carousel-holder mkdf-cc-hover-switch-images\">\n\t<div class=\"mkdf-cc-inner mkdf-owl-slider\" data-number-of-items=\"3\" data-enable-loop=\"yes\" data-enable-autoplay=\"yes\" data-slider-speed=\"5000\" data-slider-speed-animation=\"600\" data-enable-navigation=\"yes\" data-enable-pagination=\"no\">\n\t\t<div class=\"mkdf-cc-item mkdf-item-space mkdf-cci-no-link\">\n\t\t\t\t\t\t<img decoding=\"async\" itemprop=\"image\" class=\"mkdf-cc-image\" src=\"https:\/\/argentinatrails.com\/fra\/wp-content\/uploads\/2023\/03\/chani-5.jpg\" alt=\"nevado de cha\u00f1i\" \/>\n\t\t\t\t\t\t\t<img decoding=\"async\" itemprop=\"image\" class=\"mkdf-cc-hover-image\" src=\"https:\/\/argentinatrails.com\/fra\/wp-content\/uploads\/2023\/03\/chani-5.jpg\" alt=\"nevado de cha\u00f1i\" \/>\n\t\t\t<\/div><div class=\"mkdf-cc-item mkdf-item-space mkdf-cci-no-link\">\n\t\t\t\t\t\t<img decoding=\"async\" itemprop=\"image\" class=\"mkdf-cc-image\" src=\"https:\/\/argentinatrails.com\/fra\/wp-content\/uploads\/2023\/03\/chani-4.jpg\" alt=\"expedicion de alta monta\u00f1a\" \/>\n\t\t\t\t\t\t\t<img decoding=\"async\" itemprop=\"image\" class=\"mkdf-cc-hover-image\" src=\"https:\/\/argentinatrails.com\/fra\/wp-content\/uploads\/2023\/03\/chani-4.jpg\" alt=\"expedicion de alta monta\u00f1a\" \/>\n\t\t\t<\/div><div class=\"mkdf-cc-item mkdf-item-space mkdf-cci-no-link\">\n\t\t\t\t\t\t<img decoding=\"async\" itemprop=\"image\" class=\"mkdf-cc-image\" src=\"https:\/\/argentinatrails.com\/fra\/wp-content\/uploads\/2020\/01\/at-chani-1.jpg\" alt=\"expedicion de alta monta\u00f1a\" \/>\n\t\t\t\t\t\t\t<img decoding=\"async\" itemprop=\"image\" class=\"mkdf-cc-hover-image\" src=\"https:\/\/argentinatrails.com\/fra\/wp-content\/uploads\/2020\/01\/at-chani-1.jpg\" alt=\"expedicion de alta monta\u00f1a\" \/>\n\t\t\t<\/div><div class=\"mkdf-cc-item mkdf-item-space mkdf-cci-no-link\">\n\t\t\t\t\t\t<img decoding=\"async\" itemprop=\"image\" class=\"mkdf-cc-image\" src=\"https:\/\/argentinatrails.com\/fra\/wp-content\/uploads\/2020\/01\/at-chani-4.jpg\" alt=\"nevado de cha\u00f1i\" \/>\n\t\t\t\t\t\t\t<img decoding=\"async\" itemprop=\"image\" class=\"mkdf-cc-hover-image\" src=\"https:\/\/argentinatrails.com\/fra\/wp-content\/uploads\/2020\/01\/at-chani-4.jpg\" alt=\"nevado de cha\u00f1i\" \/>\n\t\t\t<\/div>\t<\/div>\n<\/div>[\/vc_column][\/vc_row][vc_row anchor=\u00a0\u00bbbrief-history\u00a0\u00bb][vc_column][vc_row_inner][vc_column_inner width=\u00a0\u00bb1\/2&Prime;]<div class=\"mkdf-section-title-holder  \" >\n\t<div class=\"mkdf-st-inner\">\n\t\t\t\t\t\t\t<h3 class=\"mkdf-st-title\" >\n                            MONT CHA\u00d1I            \t\t\t<\/h3>\n\t\t\t\t\t\t\t<\/div>\n<\/div>[\/vc_column_inner][vc_column_inner width=\u00a0\u00bb1\/2&Prime;][vc_column_text]<\/p>\n<p style=\"text-align: right; font-size: larger; font-style: italic;\"><strong>\u00cates-vous pr\u00eat \u00e0 vivre l\u2019un des voyages les plus intenses et inoubliables de votre vie ?<\/strong><\/p>\n<p>[\/vc_column_text][\/vc_column_inner][\/vc_row_inner][vc_zigzag][vc_column_text]<span style=\"font-weight: 400;\">La montagne enneig\u00e9e de Cha\u00f1i fait partie d&rsquo;une vaste cha\u00eene de montagnes qui sert de limite entre les provinces de Salta et de Jujuy. Son sommet principal atteint 5 896 m\u00e8tres d&rsquo;altitude, ce qui en fait la montagne la plus haute de Jujuy et un grand d\u00e9fi pour les alpinistes.<\/span><\/p>\n<p><span style=\"font-weight: 400;\">Cette incroyable cha\u00eene de montagnes offre les paysages les plus beaux et vari\u00e9s du nord-ouest de l&rsquo;Argentine.<\/span><\/p>\n<p><span style=\"font-weight: 400;\">Nous organisons des exp\u00e9ditions en haute montagne de diff\u00e9rentes dur\u00e9es, sp\u00e9cialement con\u00e7ues et planifi\u00e9es en fonction des besoins de chaque alpiniste, en tenant compte des temps d&rsquo;acclimatation n\u00e9cessaires et de la s\u00e9curit\u00e9 requise.<\/span><\/p>\n<p><span style=\"font-weight: 400;\">Demandez des informations sur le programme et nous le concevrons selon vos souhaits !<\/span><\/p>\n<p><em>#ExperienceTheMountainLife<\/em>[\/vc_column_text][\/vc_column][\/vc_row][vc_row][vc_column][vc_separator][\/vc_column][\/vc_row][vc_row][vc_column][vc_tta_accordion style=\u00a0\u00bbflat\u00a0\u00bb shape=\u00a0\u00bbsquare\u00a0\u00bb active_section=\u00a0\u00bb0&Prime; collapsible_all=\u00a0\u00bbtrue\u00a0\u00bb][vc_tta_section title=\u00a0\u00bbVue d&rsquo;ensemble\u00a0\u00bb tab_id=\u00a0\u00bb1681999284298-e3966570-2ede\u00a0\u00bb][vc_column_text]<span style=\"font-weight: 400;\">L&rsquo;ascension du mont Cha\u00f1i ne pr\u00e9sente pas de difficult\u00e9s techniques majeures, cependant, elle est exigeante sur le plan physique. Elle requiert une condition physique solide, car elle se d\u00e9roule dans des r\u00e9gions \u00e9loign\u00e9es et \u00e0 haute altitude.<\/span>[\/vc_column_text][\/vc_tta_section][vc_tta_section title=\u00a0\u00bbPOURQUOI NOUS CHOISIR?\u00a0\u00bb tab_id=\u00a0\u00bb1681999284307-5f4b05e1-c4ce\u00a0\u00bb][vc_column_text]<span style=\"font-weight: 400;\">Argentina Trails se distingue par ses plus de 17 ann\u00e9es d&rsquo;exp\u00e9rience dans l&rsquo;organisation d&rsquo;exp\u00e9ditions sur cette montagne et d&rsquo;autres dans la r\u00e9gion, o\u00f9 nos guides qualifi\u00e9s et certifi\u00e9s vous offriront une exp\u00e9rience de haute qualit\u00e9 en assurant s\u00e9curit\u00e9 et soutien.<\/span><\/p>\n<p><span style=\"font-weight: 400;\">Nous accordons la priorit\u00e9 \u00e0 la s\u00e9curit\u00e9 de nos clients, c&rsquo;est pourquoi nous disposons de l&rsquo;exp\u00e9rience et de la meilleure infrastructure, de trousses de premiers secours, de syst\u00e8mes de communication par satellite et d&rsquo;\u00e9quipements de montagne adapt\u00e9s aux exigences de chaque exp\u00e9dition. Nous veillons \u00e0 chaque d\u00e9tail afin que vous puissiez profiter pleinement de chaque exp\u00e9dition en toute s\u00e9curit\u00e9.<\/span><\/p>\n<p><span style=\"font-weight: 400;\">Nos exp\u00e9ditions sont centr\u00e9es sur le client. C&rsquo;est pourquoi nous concevons chacune d&rsquo;entre elles en fonction des besoins de chaque alpiniste, en planifiant une acclimatation appropri\u00e9e.<\/span>[\/vc_column_text][\/vc_tta_section][vc_tta_section title=\u00a0\u00bbJOUR PAR JOUR\u00a0\u00bb tab_id=\u00a0\u00bb1681999288118-0b8a73c6-ea67&Prime;][vc_column_text]<span style=\"font-weight: 400;\">Itin\u00e9raire simplifi\u00e9 du mod\u00e8le. N&rsquo;oubliez pas que nous pouvons concevoir l&rsquo;exp\u00e9dition selon vos besoins !<\/span><\/p>\n<p><span style=\"font-weight: 400;\">JOUR 1 : Salta &#8211; Trekking Ing. Maury &#8211; San Antonio de los Cobres<\/span><\/p>\n<p><span style=\"font-weight: 400;\">JOUR 2 : Journ\u00e9e d&rsquo;acclimatation \u00e0 San Antonio de los Cobres<\/span><\/p>\n<p><span style=\"font-weight: 400;\">JOUR 3 : Ascension du Cerro Tuzgle (5 486 m) &#8211; San Antonio de los Cobres<\/span><\/p>\n<p><span style=\"font-weight: 400;\">JOUR 4 : Casa Mocha (4 300 m)<\/span><\/p>\n<p><span style=\"font-weight: 400;\">JOUR 5 : Refugio del Diablo (4 900 m)<\/span><\/p>\n<p><span style=\"font-weight: 400;\">JOUR 6 : Ascension finale vers le sommet (5 890 m) &#8211; Refugio del Diablo<\/span><\/p>\n<p><span style=\"font-weight: 400;\">JOUR 7 : Jour de s\u00e9curit\u00e9<\/span><\/p>\n<p><span style=\"font-weight: 400;\">JOUR 8 : Salta<\/span><\/p>\n<p><span style=\"font-weight: 400;\">Demandez le programme complet !<\/span>[\/vc_column_text][\/vc_tta_section][\/vc_tta_accordion][\/vc_column][\/vc_row]<\/p>\n","protected":false},"excerpt":{"rendered":"<p>[vc_row anchor=\u00a0\u00bbbrief-history\u00a0\u00bb css=\u00a0\u00bb.vc_custom_1691502557088{margin-bottom: 40px !important;background-position: center !important;background-repeat: no-repeat !important;background-size: cover !important;}\u00a0\u00bb][vc_column][\/vc_column][\/vc_row][vc_row anchor=\u00a0\u00bbbrief-history\u00a0\u00bb][vc_column][vc_row_inner][vc_column_inner width=\u00a0\u00bb1\/2&Prime;][\/vc_column_inner][vc_column_inner width=\u00a0\u00bb1\/2&Prime;][vc_column_text] \u00cates-vous pr\u00eat \u00e0 vivre l\u2019un des voyages les plus intenses et inoubliables de votre vie ? [\/vc_column_text][\/vc_column_inner][\/vc_row_inner][vc_zigzag][vc_column_text]La montagne enneig\u00e9e de Cha\u00f1i fait partie d&rsquo;une vaste cha\u00eene [&hellip;]<\/p>\n","protected":false},"author":2,"featured_media":0,"parent":0,"menu_order":0,"comment_status":"closed","ping_status":"closed","template":"","meta":{"footnotes":""},"class_list":["post-3599","page","type-page","status-publish","hentry"],"yoast_head":"<!-- This site is optimized with the Yoast SEO plugin v27.3 - https:\/\/yoast.com\/product\/yoast-seo-wordpress\/ -->\n<title>Mont Cha\u00f1i - Argentina Trails<\/title>\n<meta name=\"robots\" content=\"index, follow, max-snippet:-1, max-image-preview:large, max-video-preview:-1\" \/>\n<link rel=\"canonical\" href=\"https:\/\/argentinatrails.com\/fra\/mont-chani\/\" \/>\n<meta property=\"og:locale\" content=\"fr_FR\" \/>\n<meta property=\"og:type\" content=\"article\" \/>\n<meta property=\"og:title\" content=\"Mont Cha\u00f1i - Argentina Trails\" \/>\n<meta property=\"og:description\" content=\"[vc_row anchor=\u00a0\u00bbbrief-history\u00a0\u00bb css=\u00a0\u00bb.vc_custom_1691502557088{margin-bottom: 40px !important;background-position: center !important;background-repeat: no-repeat !important;background-size: cover !important;}\u00a0\u00bb][vc_column][\/vc_column][\/vc_row][vc_row anchor=\u00a0\u00bbbrief-history\u00a0\u00bb][vc_column][vc_row_inner][vc_column_inner width=\u00a0\u00bb1\/2&Prime;][\/vc_column_inner][vc_column_inner width=\u00a0\u00bb1\/2&Prime;][vc_column_text] \u00cates-vous pr\u00eat \u00e0 vivre l\u2019un des voyages les plus intenses et inoubliables de votre vie ? [\/vc_column_text][\/vc_column_inner][\/vc_row_inner][vc_zigzag][vc_column_text]La montagne enneig\u00e9e de Cha\u00f1i fait partie d&rsquo;une vaste cha\u00eene [&hellip;]\" \/>\n<meta property=\"og:url\" content=\"https:\/\/argentinatrails.com\/fra\/mont-chani\/\" \/>\n<meta property=\"og:site_name\" content=\"Argentina Trails\" \/>\n<meta property=\"article:modified_time\" content=\"2023-09-01T14:54:38+00:00\" \/>\n<meta name=\"twitter:card\" content=\"summary_large_image\" \/>\n<meta name=\"twitter:label1\" content=\"Dur\u00e9e de lecture estim\u00e9e\" \/>\n\t<meta name=\"twitter:data1\" content=\"2 minutes\" \/>\n<script type=\"application\/ld+json\" class=\"yoast-schema-graph\">{\"@context\":\"https:\\\/\\\/schema.org\",\"@graph\":[{\"@type\":\"WebPage\",\"@id\":\"https:\\\/\\\/argentinatrails.com\\\/fra\\\/mont-chani\\\/\",\"url\":\"https:\\\/\\\/argentinatrails.com\\\/fra\\\/mont-chani\\\/\",\"name\":\"Mont Cha\u00f1i - Argentina Trails\",\"isPartOf\":{\"@id\":\"https:\\\/\\\/argentinatrails.com\\\/fra\\\/#website\"},\"datePublished\":\"2022-11-04T20:42:12+00:00\",\"dateModified\":\"2023-09-01T14:54:38+00:00\",\"inLanguage\":\"fr-FR\",\"potentialAction\":[{\"@type\":\"ReadAction\",\"target\":[\"https:\\\/\\\/argentinatrails.com\\\/fra\\\/mont-chani\\\/\"]}]},{\"@type\":\"WebSite\",\"@id\":\"https:\\\/\\\/argentinatrails.com\\\/fra\\\/#website\",\"url\":\"https:\\\/\\\/argentinatrails.com\\\/fra\\\/\",\"name\":\"Argentina Trails\",\"description\":\"Experience the Mountain Life\",\"potentialAction\":[{\"@type\":\"SearchAction\",\"target\":{\"@type\":\"EntryPoint\",\"urlTemplate\":\"https:\\\/\\\/argentinatrails.com\\\/fra\\\/?s={search_term_string}\"},\"query-input\":{\"@type\":\"PropertyValueSpecification\",\"valueRequired\":true,\"valueName\":\"search_term_string\"}}],\"inLanguage\":\"fr-FR\"}]}<\/script>\n<!-- \/ Yoast SEO plugin. -->","yoast_head_json":{"title":"Mont Cha\u00f1i - Argentina Trails","robots":{"index":"index","follow":"follow","max-snippet":"max-snippet:-1","max-image-preview":"max-image-preview:large","max-video-preview":"max-video-preview:-1"},"canonical":"https:\/\/argentinatrails.com\/fra\/mont-chani\/","og_locale":"fr_FR","og_type":"article","og_title":"Mont Cha\u00f1i - Argentina Trails","og_description":"[vc_row anchor=\u00a0\u00bbbrief-history\u00a0\u00bb css=\u00a0\u00bb.vc_custom_1691502557088{margin-bottom: 40px !important;background-position: center !important;background-repeat: no-repeat !important;background-size: cover !important;}\u00a0\u00bb][vc_column][\/vc_column][\/vc_row][vc_row anchor=\u00a0\u00bbbrief-history\u00a0\u00bb][vc_column][vc_row_inner][vc_column_inner width=\u00a0\u00bb1\/2&Prime;][\/vc_column_inner][vc_column_inner width=\u00a0\u00bb1\/2&Prime;][vc_column_text] \u00cates-vous pr\u00eat \u00e0 vivre l\u2019un des voyages les plus intenses et inoubliables de votre vie ? [\/vc_column_text][\/vc_column_inner][\/vc_row_inner][vc_zigzag][vc_column_text]La montagne enneig\u00e9e de Cha\u00f1i fait partie d&rsquo;une vaste cha\u00eene [&hellip;]","og_url":"https:\/\/argentinatrails.com\/fra\/mont-chani\/","og_site_name":"Argentina Trails","article_modified_time":"2023-09-01T14:54:38+00:00","twitter_card":"summary_large_image","twitter_misc":{"Dur\u00e9e de lecture estim\u00e9e":"2 minutes"},"schema":{"@context":"https:\/\/schema.org","@graph":[{"@type":"WebPage","@id":"https:\/\/argentinatrails.com\/fra\/mont-chani\/","url":"https:\/\/argentinatrails.com\/fra\/mont-chani\/","name":"Mont Cha\u00f1i - Argentina Trails","isPartOf":{"@id":"https:\/\/argentinatrails.com\/fra\/#website"},"datePublished":"2022-11-04T20:42:12+00:00","dateModified":"2023-09-01T14:54:38+00:00","inLanguage":"fr-FR","potentialAction":[{"@type":"ReadAction","target":["https:\/\/argentinatrails.com\/fra\/mont-chani\/"]}]},{"@type":"WebSite","@id":"https:\/\/argentinatrails.com\/fra\/#website","url":"https:\/\/argentinatrails.com\/fra\/","name":"Argentina Trails","description":"Experience the Mountain Life","potentialAction":[{"@type":"SearchAction","target":{"@type":"EntryPoint","urlTemplate":"https:\/\/argentinatrails.com\/fra\/?s={search_term_string}"},"query-input":{"@type":"PropertyValueSpecification","valueRequired":true,"valueName":"search_term_string"}}],"inLanguage":"fr-FR"}]}},"_links":{"self":[{"href":"https:\/\/argentinatrails.com\/fra\/wp-json\/wp\/v2\/pages\/3599","targetHints":{"allow":["GET"]}}],"collection":[{"href":"https:\/\/argentinatrails.com\/fra\/wp-json\/wp\/v2\/pages"}],"about":[{"href":"https:\/\/argentinatrails.com\/fra\/wp-json\/wp\/v2\/types\/page"}],"author":[{"embeddable":true,"href":"https:\/\/argentinatrails.com\/fra\/wp-json\/wp\/v2\/users\/2"}],"replies":[{"embeddable":true,"href":"https:\/\/argentinatrails.com\/fra\/wp-json\/wp\/v2\/comments?post=3599"}],"version-history":[{"count":15,"href":"https:\/\/argentinatrails.com\/fra\/wp-json\/wp\/v2\/pages\/3599\/revisions"}],"predecessor-version":[{"id":4779,"href":"https:\/\/argentinatrails.com\/fra\/wp-json\/wp\/v2\/pages\/3599\/revisions\/4779"}],"wp:attachment":[{"href":"https:\/\/argentinatrails.com\/fra\/wp-json\/wp\/v2\/media?parent=3599"}],"curies":[{"name":"wp","href":"https:\/\/api.w.org\/{rel}","templated":true}]}}