{"id":3592,"date":"2022-11-04T20:33:56","date_gmt":"2022-11-04T20:33:56","guid":{"rendered":"https:\/\/argentinatrails.com\/fra\/?page_id=3592"},"modified":"2023-08-31T15:42:47","modified_gmt":"2023-08-31T15:42:47","slug":"mont-pissis","status":"publish","type":"page","link":"https:\/\/argentinatrails.com\/fra\/mont-pissis\/","title":{"rendered":"Mont Pissis"},"content":{"rendered":"<p>[vc_row anchor=\u00a0\u00bbbrief-history\u00a0\u00bb css=\u00a0\u00bb.vc_custom_1691500473051{margin-bottom: 40px !important;border-right-width: 65px !important;border-left-width: 65px !important;background-position: center !important;background-repeat: no-repeat !important;background-size: cover !important;}\u00a0\u00bb][vc_column]<div class=\"mkdf-clients-carousel-holder mkdf-cc-hover-switch-images\">\n\t<div class=\"mkdf-cc-inner mkdf-owl-slider\" data-number-of-items=\"3\" data-enable-loop=\"yes\" data-enable-autoplay=\"yes\" data-slider-speed=\"5000\" data-slider-speed-animation=\"600\" data-enable-navigation=\"yes\" data-enable-pagination=\"no\">\n\t\t<div class=\"mkdf-cc-item mkdf-item-space mkdf-cci-no-link\">\n\t\t\t\t\t\t<img decoding=\"async\" itemprop=\"image\" class=\"mkdf-cc-image\" src=\"https:\/\/argentinatrails.com\/fra\/wp-content\/uploads\/2023\/03\/pissis-1.jpg\" alt=\"alta monta\u00f1a monte pissis\" \/>\n\t\t\t\t\t\t\t<img decoding=\"async\" itemprop=\"image\" class=\"mkdf-cc-hover-image\" src=\"https:\/\/argentinatrails.com\/fra\/wp-content\/uploads\/2023\/03\/pissis-1.jpg\" alt=\"alta monta\u00f1a monte pissis\" \/>\n\t\t\t<\/div><div class=\"mkdf-cc-item mkdf-item-space mkdf-cci-no-link\">\n\t\t\t\t\t\t<img decoding=\"async\" itemprop=\"image\" class=\"mkdf-cc-image\" src=\"https:\/\/argentinatrails.com\/fra\/wp-content\/uploads\/2023\/03\/pissis-2.jpg\" alt=\"expedici\u00f3n de monta\u00f1a\" \/>\n\t\t\t\t\t\t\t<img decoding=\"async\" itemprop=\"image\" class=\"mkdf-cc-hover-image\" src=\"https:\/\/argentinatrails.com\/fra\/wp-content\/uploads\/2023\/03\/pissis-2.jpg\" alt=\"expedici\u00f3n de monta\u00f1a\" \/>\n\t\t\t<\/div><div class=\"mkdf-cc-item mkdf-item-space mkdf-cci-no-link\">\n\t\t\t\t\t\t<img decoding=\"async\" itemprop=\"image\" class=\"mkdf-cc-image\" src=\"https:\/\/argentinatrails.com\/fra\/wp-content\/uploads\/2023\/03\/pissis-3.jpg\" alt=\"expedicion de alta monta\u00f1a\" \/>\n\t\t\t\t\t\t\t<img decoding=\"async\" itemprop=\"image\" class=\"mkdf-cc-hover-image\" src=\"https:\/\/argentinatrails.com\/fra\/wp-content\/uploads\/2023\/03\/pissis-3.jpg\" alt=\"expedicion de alta monta\u00f1a\" \/>\n\t\t\t<\/div><div class=\"mkdf-cc-item mkdf-item-space mkdf-cci-no-link\">\n\t\t\t\t\t\t<img decoding=\"async\" itemprop=\"image\" class=\"mkdf-cc-image\" src=\"https:\/\/argentinatrails.com\/fra\/wp-content\/uploads\/2023\/03\/pissis-4.jpg\" alt=\"cumbre monte pissis\" \/>\n\t\t\t\t\t\t\t<img decoding=\"async\" itemprop=\"image\" class=\"mkdf-cc-hover-image\" src=\"https:\/\/argentinatrails.com\/fra\/wp-content\/uploads\/2023\/03\/pissis-4.jpg\" alt=\"cumbre monte pissis\" \/>\n\t\t\t<\/div><div class=\"mkdf-cc-item mkdf-item-space mkdf-cci-no-link\">\n\t\t\t\t\t\t<img decoding=\"async\" itemprop=\"image\" class=\"mkdf-cc-image\" src=\"https:\/\/argentinatrails.com\/fra\/wp-content\/uploads\/2023\/03\/pissis-5.jpg\" alt=\"cumbre monte pissis\" \/>\n\t\t\t\t\t\t\t<img decoding=\"async\" itemprop=\"image\" class=\"mkdf-cc-hover-image\" src=\"https:\/\/argentinatrails.com\/fra\/wp-content\/uploads\/2023\/03\/pissis-5.jpg\" alt=\"cumbre monte pissis\" \/>\n\t\t\t<\/div><div class=\"mkdf-cc-item mkdf-item-space mkdf-cci-no-link\">\n\t\t\t\t\t\t<img decoding=\"async\" itemprop=\"image\" class=\"mkdf-cc-image\" src=\"https:\/\/argentinatrails.com\/fra\/wp-content\/uploads\/2023\/03\/pissis-6.jpg\" alt=\"expedicion de alta monta\u00f1a\" \/>\n\t\t\t\t\t\t\t<img decoding=\"async\" itemprop=\"image\" class=\"mkdf-cc-hover-image\" src=\"https:\/\/argentinatrails.com\/fra\/wp-content\/uploads\/2023\/03\/pissis-6.jpg\" alt=\"expedicion de alta monta\u00f1a\" \/>\n\t\t\t<\/div>\t<\/div>\n<\/div>[\/vc_column][\/vc_row][vc_row anchor=\u00a0\u00bbbrief-history\u00a0\u00bb][vc_column][vc_row_inner][vc_column_inner width=\u00a0\u00bb1\/2&Prime;]<div class=\"mkdf-section-title-holder  \" >\n\t<div class=\"mkdf-st-inner\">\n\t\t\t\t\t\t\t<h3 class=\"mkdf-st-title\" >\n                            MONT PISSIS            \t\t\t<\/h3>\n\t\t\t\t\t\t\t<\/div>\n<\/div>[\/vc_column_inner][vc_column_inner width=\u00a0\u00bb1\/2&Prime;][vc_column_text]<\/p>\n<p style=\"text-align: right; font-size: larger; font-style: italic;\"><strong>Combinez aventure et tourisme dans cette incroyable exp\u00e9dition !<\/strong><\/p>\n<p>[\/vc_column_text][\/vc_column_inner][\/vc_row_inner][vc_zigzag][vc_column_text]<span style=\"font-weight: 400;\">Le volcan Pissis est le troisi\u00e8me plus haut sommet d&rsquo;Am\u00e9rique, culminant \u00e0 6 795 m\u00e8tres d&rsquo;altitude. Situ\u00e9 dans les montagnes des Andes, il sert de limite aux provinces de La Rioja et Catamarca.<\/span><\/p>\n<p><span style=\"font-weight: 400;\">Ses glaciers et ses lagunes spectaculaires vous permettent de vous immerger dans une exp\u00e9rience unique et pure en montagne.<\/span><\/p>\n<p><span style=\"font-weight: 400;\">Nous organisons des exp\u00e9ditions en haute montagne de diff\u00e9rentes dur\u00e9es, sp\u00e9cialement con\u00e7ues et planifi\u00e9es selon les besoins de chaque alpiniste, en tenant compte des temps d&rsquo;acclimatation et de la s\u00e9curit\u00e9 n\u00e9cessaires.<\/span><\/p>\n<p><span style=\"font-weight: 400;\">Demandez le programme et nous le concevrons selon vos souhaits !<\/span><\/p>\n<p><em>#ExperienceTheMountainLife<\/em>[\/vc_column_text][\/vc_column][\/vc_row][vc_row css=\u00a0\u00bb.vc_custom_1574855409312{padding-top: 72px !important;padding-bottom: 30px !important;}\u00a0\u00bb][vc_column][vc_separator][\/vc_column][\/vc_row][vc_row][vc_column][vc_tta_accordion style=\u00a0\u00bbflat\u00a0\u00bb shape=\u00a0\u00bbsquare\u00a0\u00bb active_section=\u00a0\u00bb0&Prime; collapsible_all=\u00a0\u00bbtrue\u00a0\u00bb][vc_tta_section title=\u00a0\u00bbVue d&rsquo;ensemble\u00a0\u00bb tab_id=\u00a0\u00bb1681999109739-cd0eadd0-cbae\u00a0\u00bb][vc_column_text]<span style=\"font-weight: 400;\">L&rsquo;ascension du mont Pissis pr\u00e9sente peu de difficult\u00e9s techniques, mais elle est tr\u00e8s exigeante, car elle n\u00e9cessite une grande condition physique lors des activit\u00e9s dans des r\u00e9gions \u00e9loign\u00e9es et en haute altitude.<\/span><\/p>\n<p><span style=\"font-weight: 400;\">L&rsquo;approche de la montagne se fait en v\u00e9hicule 4&#215;4, ce qui permet de profiter d&rsquo;un parcours touristique de 90 km, o\u00f9 vous pourrez admirer des lagunes spectaculaires et le c\u00e9l\u00e8bre Mirador del Pissis, offrant au visiteur une exp\u00e9rience pure et unique dans la Puna.<\/span>[\/vc_column_text][\/vc_tta_section][vc_tta_section title=\u00a0\u00bbPOURQUOI NOUS CHOISIR?\u00a0\u00bb tab_id=\u00a0\u00bb1681999109747-7bc73503-00c6&Prime;][vc_column_text]<span style=\"font-weight: 400;\">Argentina Trails se distingue par ses plus de 17 ann\u00e9es d&rsquo;exp\u00e9rience dans l&rsquo;organisation d&rsquo;exp\u00e9ditions sur cette montagne et d&rsquo;autres dans la r\u00e9gion, o\u00f9 nos guides qualifi\u00e9s et certifi\u00e9s vous offriront une exp\u00e9rience de haute qualit\u00e9 en assurant s\u00e9curit\u00e9 et soutien.<\/span><\/p>\n<p><span style=\"font-weight: 400;\">Nous accordons la priorit\u00e9 \u00e0 la s\u00e9curit\u00e9 de nos clients, c&rsquo;est pourquoi nous disposons de l&rsquo;exp\u00e9rience et de la meilleure infrastructure, de trousses de premiers secours, de syst\u00e8mes de communication par satellite et d&rsquo;\u00e9quipements de montagne adapt\u00e9s aux exigences de chaque exp\u00e9dition. Nous veillons \u00e0 chaque d\u00e9tail afin que vous puissiez profiter pleinement de chaque exp\u00e9dition en toute s\u00e9curit\u00e9.<\/span><\/p>\n<p><span style=\"font-weight: 400;\">Nos exp\u00e9ditions sont centr\u00e9es sur le client. C&rsquo;est pourquoi nous concevons chacune d&rsquo;entre elles en fonction des besoins de chaque alpiniste, en planifiant une acclimatation appropri\u00e9e.<\/span>[\/vc_column_text][\/vc_tta_section][vc_tta_section title=\u00a0\u00bbJOUR PAR JOUR\u00a0\u00bb tab_id=\u00a0\u00bb1681999147147-4ca9c1cd-4c50&Prime;][vc_column_text]<span style=\"font-weight: 400;\">Mod\u00e8le d&rsquo;itin\u00e9raire simplifi\u00e9. N&rsquo;oubliez pas que nous pouvons concevoir l&rsquo;exp\u00e9dition selon vos besoins !<\/span><\/p>\n<p><span style=\"font-weight: 400;\">JOUR 1 : Arriv\u00e9e \u00e0 Fiambal\u00e1.<\/span><\/p>\n<p><span style=\"font-weight: 400;\">JOUR 2 : Fiambal\u00e1 &#8211; Cortaderas (3 300 m).<\/span><\/p>\n<p><span style=\"font-weight: 400;\">JOUR 3 : Acclimatation \u00e0 Cortaderas (4 000 m).<\/span><\/p>\n<p><span style=\"font-weight: 400;\">JOUR 4 : Acclimatation \u00e0 Cortaderas (4 000 m).<\/span><\/p>\n<p><span style=\"font-weight: 400;\">JOUR 5 : Ascension du Cerro Morocho Chico (4 600 m).<\/span><\/p>\n<p><span style=\"font-weight: 400;\">JOUR 6 : Jour de repos.<\/span><\/p>\n<p><span style=\"font-weight: 400;\">JOUR 7 : Ascension vers C1 Chucula.<\/span><\/p>\n<p><span style=\"font-weight: 400;\">JOUR 8 : Sommet de Chucula (5 900 m).<\/span><\/p>\n<p><span style=\"font-weight: 400;\">JOUR 9 : Jour de repos \u00e0 l&rsquo;auberge.<\/span><\/p>\n<p><span style=\"font-weight: 400;\">JOUR 10 : Camp de base Pissis (4 500 m).<\/span><\/p>\n<p><span style=\"font-weight: 400;\">JOUR 11 : C1 Pissis (5 200 m).<\/span><\/p>\n<p><span style=\"font-weight: 400;\">JOUR 12 : C2 Pissis (5 700 m).<\/span><\/p>\n<p><span style=\"font-weight: 400;\">JOUR 13 : Ascension finale vers le sommet (6 795 m).<\/span><\/p>\n<p><span style=\"font-weight: 400;\">JOUR 14 : Jour de s\u00e9curit\u00e9 en montagne.<\/span><\/p>\n<p><span style=\"font-weight: 400;\">JOUR 15 : Retour \u00e0 Fiambal\u00e1.<\/span><\/p>\n<p><span style=\"font-weight: 400;\">N&rsquo;h\u00e9sitez pas \u00e0 demander le programme complet ou \u00e0 nous faire part de vos besoins sp\u00e9cifiques pour personnaliser l&rsquo;exp\u00e9dition !<\/span>[\/vc_column_text][\/vc_tta_section][\/vc_tta_accordion][\/vc_column][\/vc_row]<\/p>\n","protected":false},"excerpt":{"rendered":"<p>[vc_row anchor=\u00a0\u00bbbrief-history\u00a0\u00bb css=\u00a0\u00bb.vc_custom_1691500473051{margin-bottom: 40px !important;border-right-width: 65px !important;border-left-width: 65px !important;background-position: center !important;background-repeat: no-repeat !important;background-size: cover !important;}\u00a0\u00bb][vc_column][\/vc_column][\/vc_row][vc_row anchor=\u00a0\u00bbbrief-history\u00a0\u00bb][vc_column][vc_row_inner][vc_column_inner width=\u00a0\u00bb1\/2&Prime;][\/vc_column_inner][vc_column_inner width=\u00a0\u00bb1\/2&Prime;][vc_column_text] Combinez aventure et tourisme dans cette incroyable exp\u00e9dition ! [\/vc_column_text][\/vc_column_inner][\/vc_row_inner][vc_zigzag][vc_column_text]Le volcan Pissis est le troisi\u00e8me plus haut sommet d&rsquo;Am\u00e9rique, culminant \u00e0 6 [&hellip;]<\/p>\n","protected":false},"author":2,"featured_media":0,"parent":0,"menu_order":0,"comment_status":"closed","ping_status":"closed","template":"","meta":{"footnotes":""},"class_list":["post-3592","page","type-page","status-publish","hentry"],"yoast_head":"<!-- This site is optimized with the Yoast SEO plugin v27.3 - https:\/\/yoast.com\/product\/yoast-seo-wordpress\/ -->\n<title>Mont Pissis - Argentina Trails<\/title>\n<meta name=\"robots\" content=\"index, follow, max-snippet:-1, max-image-preview:large, max-video-preview:-1\" \/>\n<link rel=\"canonical\" href=\"https:\/\/argentinatrails.com\/fra\/mont-pissis\/\" \/>\n<meta property=\"og:locale\" content=\"fr_FR\" \/>\n<meta property=\"og:type\" content=\"article\" \/>\n<meta property=\"og:title\" content=\"Mont Pissis - Argentina Trails\" \/>\n<meta property=\"og:description\" content=\"[vc_row anchor=\u00a0\u00bbbrief-history\u00a0\u00bb css=\u00a0\u00bb.vc_custom_1691500473051{margin-bottom: 40px !important;border-right-width: 65px !important;border-left-width: 65px !important;background-position: center !important;background-repeat: no-repeat !important;background-size: cover !important;}\u00a0\u00bb][vc_column][\/vc_column][\/vc_row][vc_row anchor=\u00a0\u00bbbrief-history\u00a0\u00bb][vc_column][vc_row_inner][vc_column_inner width=\u00a0\u00bb1\/2&Prime;][\/vc_column_inner][vc_column_inner width=\u00a0\u00bb1\/2&Prime;][vc_column_text] Combinez aventure et tourisme dans cette incroyable exp\u00e9dition ! [\/vc_column_text][\/vc_column_inner][\/vc_row_inner][vc_zigzag][vc_column_text]Le volcan Pissis est le troisi\u00e8me plus haut sommet d&rsquo;Am\u00e9rique, culminant \u00e0 6 [&hellip;]\" \/>\n<meta property=\"og:url\" content=\"https:\/\/argentinatrails.com\/fra\/mont-pissis\/\" \/>\n<meta property=\"og:site_name\" content=\"Argentina Trails\" \/>\n<meta property=\"article:modified_time\" content=\"2023-08-31T15:42:47+00:00\" \/>\n<meta name=\"twitter:card\" content=\"summary_large_image\" \/>\n<meta name=\"twitter:label1\" content=\"Dur\u00e9e de lecture estim\u00e9e\" \/>\n\t<meta name=\"twitter:data1\" content=\"3 minutes\" \/>\n<script type=\"application\/ld+json\" class=\"yoast-schema-graph\">{\"@context\":\"https:\\\/\\\/schema.org\",\"@graph\":[{\"@type\":\"WebPage\",\"@id\":\"https:\\\/\\\/argentinatrails.com\\\/fra\\\/mont-pissis\\\/\",\"url\":\"https:\\\/\\\/argentinatrails.com\\\/fra\\\/mont-pissis\\\/\",\"name\":\"Mont Pissis - Argentina Trails\",\"isPartOf\":{\"@id\":\"https:\\\/\\\/argentinatrails.com\\\/fra\\\/#website\"},\"datePublished\":\"2022-11-04T20:33:56+00:00\",\"dateModified\":\"2023-08-31T15:42:47+00:00\",\"inLanguage\":\"fr-FR\",\"potentialAction\":[{\"@type\":\"ReadAction\",\"target\":[\"https:\\\/\\\/argentinatrails.com\\\/fra\\\/mont-pissis\\\/\"]}]},{\"@type\":\"WebSite\",\"@id\":\"https:\\\/\\\/argentinatrails.com\\\/fra\\\/#website\",\"url\":\"https:\\\/\\\/argentinatrails.com\\\/fra\\\/\",\"name\":\"Argentina Trails\",\"description\":\"Experience the Mountain Life\",\"potentialAction\":[{\"@type\":\"SearchAction\",\"target\":{\"@type\":\"EntryPoint\",\"urlTemplate\":\"https:\\\/\\\/argentinatrails.com\\\/fra\\\/?s={search_term_string}\"},\"query-input\":{\"@type\":\"PropertyValueSpecification\",\"valueRequired\":true,\"valueName\":\"search_term_string\"}}],\"inLanguage\":\"fr-FR\"}]}<\/script>\n<!-- \/ Yoast SEO plugin. -->","yoast_head_json":{"title":"Mont Pissis - Argentina Trails","robots":{"index":"index","follow":"follow","max-snippet":"max-snippet:-1","max-image-preview":"max-image-preview:large","max-video-preview":"max-video-preview:-1"},"canonical":"https:\/\/argentinatrails.com\/fra\/mont-pissis\/","og_locale":"fr_FR","og_type":"article","og_title":"Mont Pissis - Argentina Trails","og_description":"[vc_row anchor=\u00a0\u00bbbrief-history\u00a0\u00bb css=\u00a0\u00bb.vc_custom_1691500473051{margin-bottom: 40px !important;border-right-width: 65px !important;border-left-width: 65px !important;background-position: center !important;background-repeat: no-repeat !important;background-size: cover !important;}\u00a0\u00bb][vc_column][\/vc_column][\/vc_row][vc_row anchor=\u00a0\u00bbbrief-history\u00a0\u00bb][vc_column][vc_row_inner][vc_column_inner width=\u00a0\u00bb1\/2&Prime;][\/vc_column_inner][vc_column_inner width=\u00a0\u00bb1\/2&Prime;][vc_column_text] Combinez aventure et tourisme dans cette incroyable exp\u00e9dition ! [\/vc_column_text][\/vc_column_inner][\/vc_row_inner][vc_zigzag][vc_column_text]Le volcan Pissis est le troisi\u00e8me plus haut sommet d&rsquo;Am\u00e9rique, culminant \u00e0 6 [&hellip;]","og_url":"https:\/\/argentinatrails.com\/fra\/mont-pissis\/","og_site_name":"Argentina Trails","article_modified_time":"2023-08-31T15:42:47+00:00","twitter_card":"summary_large_image","twitter_misc":{"Dur\u00e9e de lecture estim\u00e9e":"3 minutes"},"schema":{"@context":"https:\/\/schema.org","@graph":[{"@type":"WebPage","@id":"https:\/\/argentinatrails.com\/fra\/mont-pissis\/","url":"https:\/\/argentinatrails.com\/fra\/mont-pissis\/","name":"Mont Pissis - Argentina Trails","isPartOf":{"@id":"https:\/\/argentinatrails.com\/fra\/#website"},"datePublished":"2022-11-04T20:33:56+00:00","dateModified":"2023-08-31T15:42:47+00:00","inLanguage":"fr-FR","potentialAction":[{"@type":"ReadAction","target":["https:\/\/argentinatrails.com\/fra\/mont-pissis\/"]}]},{"@type":"WebSite","@id":"https:\/\/argentinatrails.com\/fra\/#website","url":"https:\/\/argentinatrails.com\/fra\/","name":"Argentina Trails","description":"Experience the Mountain Life","potentialAction":[{"@type":"SearchAction","target":{"@type":"EntryPoint","urlTemplate":"https:\/\/argentinatrails.com\/fra\/?s={search_term_string}"},"query-input":{"@type":"PropertyValueSpecification","valueRequired":true,"valueName":"search_term_string"}}],"inLanguage":"fr-FR"}]}},"_links":{"self":[{"href":"https:\/\/argentinatrails.com\/fra\/wp-json\/wp\/v2\/pages\/3592","targetHints":{"allow":["GET"]}}],"collection":[{"href":"https:\/\/argentinatrails.com\/fra\/wp-json\/wp\/v2\/pages"}],"about":[{"href":"https:\/\/argentinatrails.com\/fra\/wp-json\/wp\/v2\/types\/page"}],"author":[{"embeddable":true,"href":"https:\/\/argentinatrails.com\/fra\/wp-json\/wp\/v2\/users\/2"}],"replies":[{"embeddable":true,"href":"https:\/\/argentinatrails.com\/fra\/wp-json\/wp\/v2\/comments?post=3592"}],"version-history":[{"count":21,"href":"https:\/\/argentinatrails.com\/fra\/wp-json\/wp\/v2\/pages\/3592\/revisions"}],"predecessor-version":[{"id":4773,"href":"https:\/\/argentinatrails.com\/fra\/wp-json\/wp\/v2\/pages\/3592\/revisions\/4773"}],"wp:attachment":[{"href":"https:\/\/argentinatrails.com\/fra\/wp-json\/wp\/v2\/media?parent=3592"}],"curies":[{"name":"wp","href":"https:\/\/api.w.org\/{rel}","templated":true}]}}