{"id":3581,"date":"2022-11-04T16:28:45","date_gmt":"2022-11-04T16:28:45","guid":{"rendered":"https:\/\/argentinatrails.com\/fra\/?page_id=3581"},"modified":"2026-03-03T14:03:09","modified_gmt":"2026-03-03T14:03:09","slug":"ojos-del-salado","status":"publish","type":"page","link":"https:\/\/argentinatrails.com\/fra\/ojos-del-salado\/","title":{"rendered":"Ojos del Salado"},"content":{"rendered":"<p>[vc_row anchor=\u00a0\u00bbbrief-history\u00a0\u00bb css=\u00a0\u00bb.vc_custom_1677958839232{margin-bottom: 40px !important;}\u00a0\u00bb][vc_column]<div class=\"mkdf-clients-carousel-holder mkdf-cc-hover-switch-images\">\n\t<div class=\"mkdf-cc-inner mkdf-owl-slider\" data-number-of-items=\"3\" data-enable-loop=\"yes\" data-enable-autoplay=\"yes\" data-slider-speed=\"5000\" data-slider-speed-animation=\"600\" data-enable-navigation=\"yes\" data-enable-pagination=\"no\">\n\t\t<div class=\"mkdf-cc-item mkdf-item-space mkdf-cci-no-link\">\n\t\t\t\t\t\t<img decoding=\"async\" itemprop=\"image\" class=\"mkdf-cc-image\" src=\"https:\/\/argentinatrails.com\/fra\/wp-content\/uploads\/2023\/03\/ojos-1.jpg\" alt=\"expedicion de alta monta\u00f1a\" \/>\n\t\t\t\t\t\t\t<img decoding=\"async\" itemprop=\"image\" class=\"mkdf-cc-hover-image\" src=\"https:\/\/argentinatrails.com\/fra\/wp-content\/uploads\/2023\/03\/ojos-1.jpg\" alt=\"expedicion de alta monta\u00f1a\" \/>\n\t\t\t<\/div><div class=\"mkdf-cc-item mkdf-item-space mkdf-cci-no-link\">\n\t\t\t\t\t\t<img decoding=\"async\" itemprop=\"image\" class=\"mkdf-cc-image\" src=\"https:\/\/argentinatrails.com\/fra\/wp-content\/uploads\/2023\/03\/ojos-2.jpg\" alt=\"expedicion de alta monta\u00f1a\" \/>\n\t\t\t\t\t\t\t<img decoding=\"async\" itemprop=\"image\" class=\"mkdf-cc-hover-image\" src=\"https:\/\/argentinatrails.com\/fra\/wp-content\/uploads\/2023\/03\/ojos-2.jpg\" alt=\"expedicion de alta monta\u00f1a\" \/>\n\t\t\t<\/div><div class=\"mkdf-cc-item mkdf-item-space mkdf-cci-no-link\">\n\t\t\t\t\t\t<img decoding=\"async\" itemprop=\"image\" class=\"mkdf-cc-image\" src=\"https:\/\/argentinatrails.com\/fra\/wp-content\/uploads\/2023\/03\/ojos-3.jpg\" alt=\"campamento de alta monta\u00f1a\" \/>\n\t\t\t\t\t\t\t<img decoding=\"async\" itemprop=\"image\" class=\"mkdf-cc-hover-image\" src=\"https:\/\/argentinatrails.com\/fra\/wp-content\/uploads\/2023\/03\/ojos-3.jpg\" alt=\"campamento de alta monta\u00f1a\" \/>\n\t\t\t<\/div><div class=\"mkdf-cc-item mkdf-item-space mkdf-cci-no-link\">\n\t\t\t\t\t\t<img decoding=\"async\" itemprop=\"image\" class=\"mkdf-cc-image\" src=\"https:\/\/argentinatrails.com\/fra\/wp-content\/uploads\/2023\/03\/ojos-4.jpg\" alt=\"expedicion de alta monta\u00f1a\" \/>\n\t\t\t\t\t\t\t<img decoding=\"async\" itemprop=\"image\" class=\"mkdf-cc-hover-image\" src=\"https:\/\/argentinatrails.com\/fra\/wp-content\/uploads\/2023\/03\/ojos-4.jpg\" alt=\"expedicion de alta monta\u00f1a\" \/>\n\t\t\t<\/div><div class=\"mkdf-cc-item mkdf-item-space mkdf-cci-no-link\">\n\t\t\t\t\t\t<img decoding=\"async\" itemprop=\"image\" class=\"mkdf-cc-image\" src=\"https:\/\/argentinatrails.com\/fra\/wp-content\/uploads\/2023\/03\/ojos-5.jpg\" alt=\"expedicion de alta monta\u00f1a\" \/>\n\t\t\t\t\t\t\t<img decoding=\"async\" itemprop=\"image\" class=\"mkdf-cc-hover-image\" src=\"https:\/\/argentinatrails.com\/fra\/wp-content\/uploads\/2023\/03\/ojos-5.jpg\" alt=\"expedicion de alta monta\u00f1a\" \/>\n\t\t\t<\/div><div class=\"mkdf-cc-item mkdf-item-space mkdf-cci-no-link\">\n\t\t\t\t\t\t<img decoding=\"async\" itemprop=\"image\" class=\"mkdf-cc-image\" src=\"https:\/\/argentinatrails.com\/fra\/wp-content\/uploads\/2023\/03\/ojos-6.jpg\" alt=\"laguna verde\" \/>\n\t\t\t\t\t\t\t<img decoding=\"async\" itemprop=\"image\" class=\"mkdf-cc-hover-image\" src=\"https:\/\/argentinatrails.com\/fra\/wp-content\/uploads\/2023\/03\/ojos-6.jpg\" alt=\"laguna verde\" \/>\n\t\t\t<\/div><div class=\"mkdf-cc-item mkdf-item-space mkdf-cci-no-link\">\n\t\t\t\t\t\t<img decoding=\"async\" itemprop=\"image\" class=\"mkdf-cc-image\" src=\"https:\/\/argentinatrails.com\/fra\/wp-content\/uploads\/2023\/03\/ojos-7.jpg\" alt=\"cumbre ojos del salado\" \/>\n\t\t\t\t\t\t\t<img decoding=\"async\" itemprop=\"image\" class=\"mkdf-cc-hover-image\" src=\"https:\/\/argentinatrails.com\/fra\/wp-content\/uploads\/2023\/03\/ojos-7.jpg\" alt=\"cumbre ojos del salado\" \/>\n\t\t\t<\/div><div class=\"mkdf-cc-item mkdf-item-space mkdf-cci-no-link\">\n\t\t\t\t\t\t<img decoding=\"async\" itemprop=\"image\" class=\"mkdf-cc-image\" src=\"https:\/\/argentinatrails.com\/fra\/wp-content\/uploads\/2023\/03\/ojos-8.jpg\" alt=\"campamento laguna verde\" \/>\n\t\t\t\t\t\t\t<img decoding=\"async\" itemprop=\"image\" class=\"mkdf-cc-hover-image\" src=\"https:\/\/argentinatrails.com\/fra\/wp-content\/uploads\/2023\/03\/ojos-8.jpg\" alt=\"campamento laguna verde\" \/>\n\t\t\t<\/div><div class=\"mkdf-cc-item mkdf-item-space mkdf-cci-no-link\">\n\t\t\t\t\t\t<img decoding=\"async\" itemprop=\"image\" class=\"mkdf-cc-image\" src=\"https:\/\/argentinatrails.com\/fra\/wp-content\/uploads\/2023\/03\/ojos-9.jpg\" alt=\"cumbre volcan san francisco\" \/>\n\t\t\t\t\t\t\t<img decoding=\"async\" itemprop=\"image\" class=\"mkdf-cc-hover-image\" src=\"https:\/\/argentinatrails.com\/fra\/wp-content\/uploads\/2023\/03\/ojos-9.jpg\" alt=\"cumbre volcan san francisco\" \/>\n\t\t\t<\/div>\t<\/div>\n<\/div>[\/vc_column][\/vc_row][vc_row anchor=\u00a0\u00bbbrief-history\u00a0\u00bb][vc_column][vc_row_inner][vc_column_inner width=\u00a0\u00bb1\/2&Prime;]<div class=\"mkdf-section-title-holder  \" >\n\t<div class=\"mkdf-st-inner\">\n\t\t\t\t\t\t\t<h3 class=\"mkdf-st-title\" >\n                            Ojos del Salado | Exp\u00e9dition de Haute Montagne dans les Andes            \t\t\t<\/h3>\n\t\t\t\t\t\t\t<\/div>\n<\/div>[\/vc_column_inner][vc_column_inner width=\u00a0\u00bb1\/2&Prime;][vc_column_text]<\/p>\n<p style=\"text-align: right; font-size: larger; font-style: italic;\"><strong>Pr\u00eat pour une aventure extr\u00eame en montagne ?<\/strong><\/p>\n<p>[\/vc_column_text][\/vc_column_inner][\/vc_row_inner][vc_zigzag][vc_column_text]\u00c0 une altitude de 6 893 m \/ 22 585 ft, Ojos del Salado est le volcan le plus haut du monde et le deuxi\u00e8me plus haut sommet des Am\u00e9riques, seulement devanc\u00e9 par l\u2019Aconcagua. Il se trouve dans les Andes Centrales, dans l\u2019une des r\u00e9gions les plus isol\u00e9es et les plus arides de la plan\u00e8te.<\/p>\n<p>Nous organisons des exp\u00e9ditions de montagne de haute altitude de diff\u00e9rentes dur\u00e9es, sp\u00e9cialement con\u00e7ues et planifi\u00e9es selon les besoins de chaque alpiniste, en tenant compte de l\u2019acclimatation appropri\u00e9e et de la s\u00e9curit\u00e9.<\/p>\n<p>Contactez-nous pour une proposition personnalis\u00e9e !<\/p>\n<p><em>#ExperienceTheMountainLife<\/em>[\/vc_column_text][\/vc_column][\/vc_row][vc_row css=\u00a0\u00bb.vc_custom_1574855409312{padding-top: 72px !important;padding-bottom: 30px !important;}\u00a0\u00bb][vc_column][vc_separator][\/vc_column][\/vc_row][vc_row][vc_column][vc_tta_accordion style=\u00a0\u00bbflat\u00a0\u00bb shape=\u00a0\u00bbsquare\u00a0\u00bb active_section=\u00a0\u00bb0&Prime; collapsible_all=\u00a0\u00bbtrue\u00a0\u00bb][vc_tta_section title=\u00a0\u00bbVue d&rsquo;ensemble\u00a0\u00bb tab_id=\u00a0\u00bb1681907404360-6c423871-d20e\u00a0\u00bb][vc_column_text]<\/p>\n<ul>\n<li>Altitude maximale : 6 893 m \/ 22 585 ft<\/li>\n<li>Emplacement : Andes Centrales (Argentine \/ Chili)<\/li>\n<li>Type de terrain : Haute montagne, sections non techniques avec possibles segments techniques selon conditions<\/li>\n<li>Acc\u00e8s : Logistique avec v\u00e9hicules 4WD + strat\u00e9gie d\u2019acclimatation progressive<\/li>\n<li>Saison recommand\u00e9e : Novembre \u00e0 mars<\/li>\n<\/ul>\n<p>Ojos del Salado n\u00e9cessite une exp\u00e9rience pr\u00e9alable en haute montagne, une bonne adaptation physiologique et une flexibilit\u00e9 face aux changements de conditions.[\/vc_column_text][\/vc_tta_section][vc_tta_section title=\u00a0\u00bbPOURQUOI NOUS CHOISIR?\u00a0\u00bb tab_id=\u00a0\u00bb1681907404368-d8558e23-a317&Prime;][vc_column_text]Argentina Trails se distingue par plus de 18 ans d\u2019exp\u00e9rience dans l\u2019organisation d\u2019exp\u00e9ditions sur cette montagne et dans toute la r\u00e9gion, avec des guides qualifi\u00e9s et certifi\u00e9s offrant une exp\u00e9rience de haute qualit\u00e9 et un soutien complet \u00e0 votre aventure.<\/p>\n<p>Nous mettons la s\u00e9curit\u00e9 de nos clients au premier plan et fournissons :<\/p>\n<ul>\n<li>Infrastructure adapt\u00e9e \u00e0 la haute montagne<\/li>\n<li>\u00c9quipements de premiers secours<\/li>\n<li>Syst\u00e8mes de communication satellite<\/li>\n<li>\u00c9quipement sp\u00e9cialis\u00e9 pour chaque exp\u00e9dition<\/li>\n<li>Encadrement professionnel et logistique exp\u00e9riment\u00e9e<\/li>\n<\/ul>\n<p>Nous prenons soin de chaque d\u00e9tail pour que vous puissiez profiter pleinement de l\u2019exp\u00e9dition, en toute s\u00e9curit\u00e9.[\/vc_column_text][\/vc_tta_section][vc_tta_section title=\u00a0\u00bbPour Qui Cette Exp\u00e9dition Est-Elle Con\u00e7ue ?\u00a0\u00bb tab_id=\u00a0\u00bb1681910005608-289ff096-7037&Prime;][vc_column_text]&#x2714;&#xfe0f; Alpinistes ayant une exp\u00e9rience pr\u00e9alable en haute altitude au-del\u00e0 de 5 500 &#8211; 6 000 m<br \/>\n&#x2714;&#xfe0f; Personnes habitu\u00e9es aux environnements de haute montagne et aux activit\u00e9s de plusieurs jours<br \/>\n&#x2714;&#xfe0f; Voyageurs qui donnent la priorit\u00e9 \u00e0 la s\u00e9curit\u00e9, \u00e0 la logistique et \u00e0 l\u2019encadrement professionnel[\/vc_column_text][\/vc_tta_section][vc_tta_section title=\u00a0\u00bbLogistique et S\u00e9curit\u00e9\u00a0\u00bb tab_id=\u00a0\u00bb1772546552129-f7c6a909-8c64&Prime;][vc_column_text]Nous op\u00e9rons avec :<\/p>\n<ul>\n<li>Des guides exp\u00e9riment\u00e9s en haute montagne<\/li>\n<li>Des \u00e9quipes logistiques locales avec une solide connaissance r\u00e9gionale<\/li>\n<li>Des communications par satellite et des protocoles d\u2019urgence<\/li>\n<li>Des v\u00e9hicules 4WD adapt\u00e9s au terrain d\u00e9sertique isol\u00e9<\/li>\n<li>Une approche proactive de gestion des risques<\/li>\n<\/ul>\n<p>Dans cet environnement, l\u2019exp\u00e9rience et la pr\u00e9paration sont tout aussi importantes que la condition physique.[\/vc_column_text][\/vc_tta_section][\/vc_tta_accordion][\/vc_column][\/vc_row][vc_row css=\u00a0\u00bb.vc_custom_1574855409312{padding-top: 72px !important;padding-bottom: 30px !important;}\u00a0\u00bb][vc_column][vc_separator][\/vc_column][\/vc_row]<\/p>\n","protected":false},"excerpt":{"rendered":"<p>[vc_row anchor=\u00a0\u00bbbrief-history\u00a0\u00bb css=\u00a0\u00bb.vc_custom_1677958839232{margin-bottom: 40px !important;}\u00a0\u00bb][vc_column][\/vc_column][\/vc_row][vc_row anchor=\u00a0\u00bbbrief-history\u00a0\u00bb][vc_column][vc_row_inner][vc_column_inner width=\u00a0\u00bb1\/2&Prime;][\/vc_column_inner][vc_column_inner width=\u00a0\u00bb1\/2&Prime;][vc_column_text] Pr\u00eat pour une aventure extr\u00eame en montagne ? [\/vc_column_text][\/vc_column_inner][\/vc_row_inner][vc_zigzag][vc_column_text]\u00c0 une altitude de 6 893 m \/ 22 585 ft, Ojos del Salado est le volcan le plus haut du monde et le [&hellip;]<\/p>\n","protected":false},"author":2,"featured_media":0,"parent":0,"menu_order":0,"comment_status":"closed","ping_status":"closed","template":"","meta":{"footnotes":""},"class_list":["post-3581","page","type-page","status-publish","hentry"],"yoast_head":"<!-- This site is optimized with the Yoast SEO plugin v27.3 - https:\/\/yoast.com\/product\/yoast-seo-wordpress\/ -->\n<title>Ojos del Salado - Argentina Trails<\/title>\n<meta name=\"robots\" content=\"index, follow, max-snippet:-1, max-image-preview:large, max-video-preview:-1\" \/>\n<link rel=\"canonical\" href=\"https:\/\/argentinatrails.com\/fra\/ojos-del-salado\/\" \/>\n<meta property=\"og:locale\" content=\"fr_FR\" \/>\n<meta property=\"og:type\" content=\"article\" \/>\n<meta property=\"og:title\" content=\"Ojos del Salado - Argentina Trails\" \/>\n<meta property=\"og:description\" content=\"[vc_row anchor=\u00a0\u00bbbrief-history\u00a0\u00bb css=\u00a0\u00bb.vc_custom_1677958839232{margin-bottom: 40px !important;}\u00a0\u00bb][vc_column][\/vc_column][\/vc_row][vc_row anchor=\u00a0\u00bbbrief-history\u00a0\u00bb][vc_column][vc_row_inner][vc_column_inner width=\u00a0\u00bb1\/2&Prime;][\/vc_column_inner][vc_column_inner width=\u00a0\u00bb1\/2&Prime;][vc_column_text] Pr\u00eat pour une aventure extr\u00eame en montagne ? [\/vc_column_text][\/vc_column_inner][\/vc_row_inner][vc_zigzag][vc_column_text]\u00c0 une altitude de 6 893 m \/ 22 585 ft, Ojos del Salado est le volcan le plus haut du monde et le [&hellip;]\" \/>\n<meta property=\"og:url\" content=\"https:\/\/argentinatrails.com\/fra\/ojos-del-salado\/\" \/>\n<meta property=\"og:site_name\" content=\"Argentina Trails\" \/>\n<meta property=\"article:modified_time\" content=\"2026-03-03T14:03:09+00:00\" \/>\n<meta name=\"twitter:card\" content=\"summary_large_image\" \/>\n<meta name=\"twitter:label1\" content=\"Dur\u00e9e de lecture estim\u00e9e\" \/>\n\t<meta name=\"twitter:data1\" content=\"3 minutes\" \/>\n<script type=\"application\/ld+json\" class=\"yoast-schema-graph\">{\"@context\":\"https:\\\/\\\/schema.org\",\"@graph\":[{\"@type\":\"WebPage\",\"@id\":\"https:\\\/\\\/argentinatrails.com\\\/fra\\\/ojos-del-salado\\\/\",\"url\":\"https:\\\/\\\/argentinatrails.com\\\/fra\\\/ojos-del-salado\\\/\",\"name\":\"Ojos del Salado - Argentina Trails\",\"isPartOf\":{\"@id\":\"https:\\\/\\\/argentinatrails.com\\\/fra\\\/#website\"},\"datePublished\":\"2022-11-04T16:28:45+00:00\",\"dateModified\":\"2026-03-03T14:03:09+00:00\",\"inLanguage\":\"fr-FR\",\"potentialAction\":[{\"@type\":\"ReadAction\",\"target\":[\"https:\\\/\\\/argentinatrails.com\\\/fra\\\/ojos-del-salado\\\/\"]}]},{\"@type\":\"WebSite\",\"@id\":\"https:\\\/\\\/argentinatrails.com\\\/fra\\\/#website\",\"url\":\"https:\\\/\\\/argentinatrails.com\\\/fra\\\/\",\"name\":\"Argentina Trails\",\"description\":\"Experience the Mountain Life\",\"potentialAction\":[{\"@type\":\"SearchAction\",\"target\":{\"@type\":\"EntryPoint\",\"urlTemplate\":\"https:\\\/\\\/argentinatrails.com\\\/fra\\\/?s={search_term_string}\"},\"query-input\":{\"@type\":\"PropertyValueSpecification\",\"valueRequired\":true,\"valueName\":\"search_term_string\"}}],\"inLanguage\":\"fr-FR\"}]}<\/script>\n<!-- \/ Yoast SEO plugin. -->","yoast_head_json":{"title":"Ojos del Salado - Argentina Trails","robots":{"index":"index","follow":"follow","max-snippet":"max-snippet:-1","max-image-preview":"max-image-preview:large","max-video-preview":"max-video-preview:-1"},"canonical":"https:\/\/argentinatrails.com\/fra\/ojos-del-salado\/","og_locale":"fr_FR","og_type":"article","og_title":"Ojos del Salado - Argentina Trails","og_description":"[vc_row anchor=\u00a0\u00bbbrief-history\u00a0\u00bb css=\u00a0\u00bb.vc_custom_1677958839232{margin-bottom: 40px !important;}\u00a0\u00bb][vc_column][\/vc_column][\/vc_row][vc_row anchor=\u00a0\u00bbbrief-history\u00a0\u00bb][vc_column][vc_row_inner][vc_column_inner width=\u00a0\u00bb1\/2&Prime;][\/vc_column_inner][vc_column_inner width=\u00a0\u00bb1\/2&Prime;][vc_column_text] Pr\u00eat pour une aventure extr\u00eame en montagne ? [\/vc_column_text][\/vc_column_inner][\/vc_row_inner][vc_zigzag][vc_column_text]\u00c0 une altitude de 6 893 m \/ 22 585 ft, Ojos del Salado est le volcan le plus haut du monde et le [&hellip;]","og_url":"https:\/\/argentinatrails.com\/fra\/ojos-del-salado\/","og_site_name":"Argentina Trails","article_modified_time":"2026-03-03T14:03:09+00:00","twitter_card":"summary_large_image","twitter_misc":{"Dur\u00e9e de lecture estim\u00e9e":"3 minutes"},"schema":{"@context":"https:\/\/schema.org","@graph":[{"@type":"WebPage","@id":"https:\/\/argentinatrails.com\/fra\/ojos-del-salado\/","url":"https:\/\/argentinatrails.com\/fra\/ojos-del-salado\/","name":"Ojos del Salado - Argentina Trails","isPartOf":{"@id":"https:\/\/argentinatrails.com\/fra\/#website"},"datePublished":"2022-11-04T16:28:45+00:00","dateModified":"2026-03-03T14:03:09+00:00","inLanguage":"fr-FR","potentialAction":[{"@type":"ReadAction","target":["https:\/\/argentinatrails.com\/fra\/ojos-del-salado\/"]}]},{"@type":"WebSite","@id":"https:\/\/argentinatrails.com\/fra\/#website","url":"https:\/\/argentinatrails.com\/fra\/","name":"Argentina Trails","description":"Experience the Mountain Life","potentialAction":[{"@type":"SearchAction","target":{"@type":"EntryPoint","urlTemplate":"https:\/\/argentinatrails.com\/fra\/?s={search_term_string}"},"query-input":{"@type":"PropertyValueSpecification","valueRequired":true,"valueName":"search_term_string"}}],"inLanguage":"fr-FR"}]}},"_links":{"self":[{"href":"https:\/\/argentinatrails.com\/fra\/wp-json\/wp\/v2\/pages\/3581","targetHints":{"allow":["GET"]}}],"collection":[{"href":"https:\/\/argentinatrails.com\/fra\/wp-json\/wp\/v2\/pages"}],"about":[{"href":"https:\/\/argentinatrails.com\/fra\/wp-json\/wp\/v2\/types\/page"}],"author":[{"embeddable":true,"href":"https:\/\/argentinatrails.com\/fra\/wp-json\/wp\/v2\/users\/2"}],"replies":[{"embeddable":true,"href":"https:\/\/argentinatrails.com\/fra\/wp-json\/wp\/v2\/comments?post=3581"}],"version-history":[{"count":21,"href":"https:\/\/argentinatrails.com\/fra\/wp-json\/wp\/v2\/pages\/3581\/revisions"}],"predecessor-version":[{"id":4672,"href":"https:\/\/argentinatrails.com\/fra\/wp-json\/wp\/v2\/pages\/3581\/revisions\/4672"}],"wp:attachment":[{"href":"https:\/\/argentinatrails.com\/fra\/wp-json\/wp\/v2\/media?parent=3581"}],"curies":[{"name":"wp","href":"https:\/\/api.w.org\/{rel}","templated":true}]}}